{"id":12,"date":"2022-02-04T19:26:02","date_gmt":"2022-02-04T18:26:02","guid":{"rendered":"http:\/\/megganelorne.fr\/?page_id=12"},"modified":"2022-05-13T19:13:17","modified_gmt":"2022-05-13T17:13:17","slug":"cart","status":"publish","type":"page","link":"https:\/\/megganelorne.fr\/?page_id=12","title":{"rendered":"PANIER"},"content":{"rendered":"\t\t<div data-elementor-type=\"wp-page\" data-elementor-id=\"12\" class=\"elementor elementor-12\">\n\t\t\t\t\t\t\t\t\t<section class=\"elementor-section elementor-top-section elementor-element elementor-element-4fc9d5c elementor-section-boxed elementor-section-height-default elementor-section-height-default qodef-elementor-content-no\" data-id=\"4fc9d5c\" data-element_type=\"section\">\n\t\t\t\t\t\t<div class=\"elementor-container elementor-column-gap-default\">\n\t\t\t\t\t<div class=\"elementor-column elementor-col-100 elementor-top-column elementor-element elementor-element-1f04ee4\" data-id=\"1f04ee4\" data-element_type=\"column\">\n\t\t\t<div class=\"elementor-widget-wrap elementor-element-populated\">\n\t\t\t\t\t\t\t\t<div class=\"elementor-element elementor-element-ad89a1f elementor-widget elementor-widget-heading\" data-id=\"ad89a1f\" data-element_type=\"widget\" data-widget_type=\"heading.default\">\n\t\t\t\t<div class=\"elementor-widget-container\">\n\t\t\t<style>\/*! elementor - v3.17.0 - 08-11-2023 *\/\n.elementor-heading-title{padding:0;margin:0;line-height:1}.elementor-widget-heading .elementor-heading-title[class*=elementor-size-]>a{color:inherit;font-size:inherit;line-height:inherit}.elementor-widget-heading .elementor-heading-title.elementor-size-small{font-size:15px}.elementor-widget-heading .elementor-heading-title.elementor-size-medium{font-size:19px}.elementor-widget-heading .elementor-heading-title.elementor-size-large{font-size:29px}.elementor-widget-heading .elementor-heading-title.elementor-size-xl{font-size:39px}.elementor-widget-heading .elementor-heading-title.elementor-size-xxl{font-size:59px}<\/style><h2 class=\"elementor-heading-title elementor-size-default\">PANIER<\/h2>\t\t<\/div>\n\t\t\t\t<\/div>\n\t\t\t\t\t<\/div>\n\t\t<\/div>\n\t\t\t\t\t\t\t<\/div>\n\t\t<\/section>\n\t\t\t\t<section class=\"elementor-section elementor-top-section elementor-element elementor-element-3fa38b41 elementor-section-boxed elementor-section-height-default elementor-section-height-default qodef-elementor-content-no\" data-id=\"3fa38b41\" data-element_type=\"section\">\n\t\t\t\t\t\t<div class=\"elementor-container elementor-column-gap-default\">\n\t\t\t\t\t<div class=\"elementor-column elementor-col-100 elementor-top-column elementor-element elementor-element-3564352c\" data-id=\"3564352c\" data-element_type=\"column\">\n\t\t\t<div class=\"elementor-widget-wrap elementor-element-populated\">\n\t\t\t\t\t\t\t\t<div class=\"elementor-element elementor-element-263d8a79 elementor-widget elementor-widget-text-editor\" data-id=\"263d8a79\" data-element_type=\"widget\" data-widget_type=\"text-editor.default\">\n\t\t\t\t<div class=\"elementor-widget-container\">\n\t\t\t<style>\/*! elementor - v3.17.0 - 08-11-2023 *\/\n.elementor-widget-text-editor.elementor-drop-cap-view-stacked .elementor-drop-cap{background-color:#69727d;color:#fff}.elementor-widget-text-editor.elementor-drop-cap-view-framed .elementor-drop-cap{color:#69727d;border:3px solid;background-color:transparent}.elementor-widget-text-editor:not(.elementor-drop-cap-view-default) .elementor-drop-cap{margin-top:8px}.elementor-widget-text-editor:not(.elementor-drop-cap-view-default) .elementor-drop-cap-letter{width:1em;height:1em}.elementor-widget-text-editor .elementor-drop-cap{float:left;text-align:center;line-height:1;font-size:50px}.elementor-widget-text-editor .elementor-drop-cap-letter{display:inline-block}<\/style>\t\t\t\t<!-- wp:shortcode -->\n<div class=\"woocommerce\"><div class=\"woocommerce-notices-wrapper\"><\/div><div class=\"wc-empty-cart-message\">\n\t<div class=\"cart-empty woocommerce-info\">\n\t\tYour cart is currently empty.\t<\/div>\n<\/div>\t<p class=\"return-to-shop\">\n\t\t<a class=\"button wc-backward\" href=\"https:\/\/megganelorne.fr\/?page_id=11\">\n\t\t\tReturn to shop\t\t<\/a>\n\t<\/p>\n<\/div>\n<!-- \/wp:shortcode -->\t\t\t\t\t\t<\/div>\n\t\t\t\t<\/div>\n\t\t\t\t\t<\/div>\n\t\t<\/div>\n\t\t\t\t\t\t\t<\/div>\n\t\t<\/section>\n\t\t\t\t\t\t\t<\/div>\n\t\t","protected":false},"excerpt":{"rendered":"<p>PANIER<\/p>\n","protected":false},"author":1,"featured_media":0,"parent":0,"menu_order":0,"comment_status":"closed","ping_status":"closed","template":"","meta":{"footnotes":""},"class_list":["post-12","page","type-page","status-publish","hentry"],"jetpack-related-posts":[{"id":5798,"url":"https:\/\/megganelorne.fr\/","url_meta":{"origin":12,"position":0},"title":"bienvenue","author":"MegganeLorne","date":"1 f\u00e9vrier 2023","format":false,"excerpt":"mes derni\u00e8res illustrations d\u00e9couvrez l'artiste B\u00e9n\u00e9ficiez de la livraison offerte sur les impression Frais de port offert des 74,90 \u20ac\u00a0 Cliquez ici OU ACHETER VOTRE MAT\u00c9RIEL D'ART ? ARTICLE Vacance (impression) Select options Ajouter \u00e0 la liste de souhaits Vue Rapide 74,90\u00a0\u20ac \u2013 120,00\u00a0\u20ac Dangerous Add to cart Ajouter \u00e0\u2026","rel":"","context":"Article similaire","block_context":{"text":"Article similaire","link":""},"img":{"alt_text":"","src":"https:\/\/i0.wp.com\/megganelorne.fr\/wp-content\/uploads\/2024\/07\/RNI-Films-IMG-1B310060-83F7-461C-B2B0-36557AD7D357.jpg?resize=350%2C200&ssl=1","width":350,"height":200,"srcset":"https:\/\/i0.wp.com\/megganelorne.fr\/wp-content\/uploads\/2024\/07\/RNI-Films-IMG-1B310060-83F7-461C-B2B0-36557AD7D357.jpg?resize=350%2C200&ssl=1 1x, https:\/\/i0.wp.com\/megganelorne.fr\/wp-content\/uploads\/2024\/07\/RNI-Films-IMG-1B310060-83F7-461C-B2B0-36557AD7D357.jpg?resize=525%2C300&ssl=1 1.5x, https:\/\/i0.wp.com\/megganelorne.fr\/wp-content\/uploads\/2024\/07\/RNI-Films-IMG-1B310060-83F7-461C-B2B0-36557AD7D357.jpg?resize=700%2C400&ssl=1 2x, https:\/\/i0.wp.com\/megganelorne.fr\/wp-content\/uploads\/2024\/07\/RNI-Films-IMG-1B310060-83F7-461C-B2B0-36557AD7D357.jpg?resize=1050%2C600&ssl=1 3x, https:\/\/i0.wp.com\/megganelorne.fr\/wp-content\/uploads\/2024\/07\/RNI-Films-IMG-1B310060-83F7-461C-B2B0-36557AD7D357.jpg?resize=1400%2C800&ssl=1 4x"},"classes":[]},{"id":5764,"url":"https:\/\/megganelorne.fr\/?page_id=5764","url_meta":{"origin":12,"position":1},"title":"L&#8217;ARTISTE","author":"MegganeLorne","date":"8 f\u00e9vrier 2022","format":false,"excerpt":"Meggane Lorne Biographie Je me pr\u00e9sente, Meggane Lorne artiste peintre.J\u2019ai eu la chance d\u2019\u00e9tudier \u00e0 Paris 1 La Sorbonne en arts plastiques mais avant tout plusieurs \u00e9tapes se sont d\u00e9roul\u00e9es\u2026Passionn\u00e9e par l\u2019art d\u00e8s mon plus jeune \u00e2ge, j'ai commenc\u00e9 \u00e0 faire des paysages et des natures mortes \u00e0 la peinture\u2026","rel":"","context":"Article similaire","block_context":{"text":"Article similaire","link":""},"img":{"alt_text":"","src":"https:\/\/i0.wp.com\/megganelorne.fr\/wp-content\/uploads\/2022\/08\/Meggane_Website-768x1152.png?resize=350%2C200&ssl=1","width":350,"height":200,"srcset":"https:\/\/i0.wp.com\/megganelorne.fr\/wp-content\/uploads\/2022\/08\/Meggane_Website-768x1152.png?resize=350%2C200&ssl=1 1x, https:\/\/i0.wp.com\/megganelorne.fr\/wp-content\/uploads\/2022\/08\/Meggane_Website-768x1152.png?resize=525%2C300&ssl=1 1.5x, https:\/\/i0.wp.com\/megganelorne.fr\/wp-content\/uploads\/2022\/08\/Meggane_Website-768x1152.png?resize=700%2C400&ssl=1 2x"},"classes":[]},{"id":3004,"url":"https:\/\/megganelorne.fr\/?page_id=3004","url_meta":{"origin":12,"position":2},"title":"H-Title","author":"MegganeLorne","date":"8 septembre 2021","format":false,"excerpt":"Gesso H1 Art Theme Contrary to popular belief, Lorem Ipsum is not simply random text. Gesso H2 Art Theme Contrary to popular belief, Lorem Ipsum is not simply random text. Gesso H3 Art Theme Contrary to popular belief, Lorem Ipsum is not simply random text. Gesso H4 Art Theme Contrary\u2026","rel":"","context":"Article similaire","block_context":{"text":"Article similaire","link":""},"img":{"alt_text":"","src":"","width":0,"height":0},"classes":[]}],"jetpack_sharing_enabled":true,"_links":{"self":[{"href":"https:\/\/megganelorne.fr\/index.php?rest_route=\/wp\/v2\/pages\/12","targetHints":{"allow":["GET"]}}],"collection":[{"href":"https:\/\/megganelorne.fr\/index.php?rest_route=\/wp\/v2\/pages"}],"about":[{"href":"https:\/\/megganelorne.fr\/index.php?rest_route=\/wp\/v2\/types\/page"}],"author":[{"embeddable":true,"href":"https:\/\/megganelorne.fr\/index.php?rest_route=\/wp\/v2\/users\/1"}],"replies":[{"embeddable":true,"href":"https:\/\/megganelorne.fr\/index.php?rest_route=%2Fwp%2Fv2%2Fcomments&post=12"}],"version-history":[{"count":5,"href":"https:\/\/megganelorne.fr\/index.php?rest_route=\/wp\/v2\/pages\/12\/revisions"}],"predecessor-version":[{"id":5950,"href":"https:\/\/megganelorne.fr\/index.php?rest_route=\/wp\/v2\/pages\/12\/revisions\/5950"}],"wp:attachment":[{"href":"https:\/\/megganelorne.fr\/index.php?rest_route=%2Fwp%2Fv2%2Fmedia&parent=12"}],"curies":[{"name":"wp","href":"https:\/\/api.w.org\/{rel}","templated":true}]}}