{"id":16,"date":"2022-02-04T19:26:05","date_gmt":"2022-02-04T18:26:05","guid":{"rendered":"http:\/\/megganelorne.fr\/?page_id=16"},"modified":"2022-02-11T16:59:46","modified_gmt":"2022-02-11T15:59:46","slug":"listedesouhaits","status":"publish","type":"page","link":"https:\/\/megganelorne.fr\/?page_id=16","title":{"rendered":"Liste de souhaits"},"content":{"rendered":"\t\t<div data-elementor-type=\"wp-page\" data-elementor-id=\"16\" class=\"elementor elementor-16\">\n\t\t\t\t\t\t\t\t\t<section class=\"elementor-section elementor-top-section elementor-element elementor-element-18ee353a elementor-section-boxed elementor-section-height-default elementor-section-height-default qodef-elementor-content-no\" data-id=\"18ee353a\" data-element_type=\"section\">\n\t\t\t\t\t\t<div class=\"elementor-container elementor-column-gap-default\">\n\t\t\t\t\t<div class=\"elementor-column elementor-col-100 elementor-top-column elementor-element elementor-element-13e7553c\" data-id=\"13e7553c\" data-element_type=\"column\">\n\t\t\t<div class=\"elementor-widget-wrap elementor-element-populated\">\n\t\t\t\t\t\t\t\t<div class=\"elementor-element elementor-element-34f53e6a elementor-widget elementor-widget-text-editor\" data-id=\"34f53e6a\" data-element_type=\"widget\" data-widget_type=\"text-editor.default\">\n\t\t\t\t<div class=\"elementor-widget-container\">\n\t\t\t<style>\/*! elementor - v3.17.0 - 08-11-2023 *\/\n.elementor-widget-text-editor.elementor-drop-cap-view-stacked .elementor-drop-cap{background-color:#69727d;color:#fff}.elementor-widget-text-editor.elementor-drop-cap-view-framed .elementor-drop-cap{color:#69727d;border:3px solid;background-color:transparent}.elementor-widget-text-editor:not(.elementor-drop-cap-view-default) .elementor-drop-cap{margin-top:8px}.elementor-widget-text-editor:not(.elementor-drop-cap-view-default) .elementor-drop-cap-letter{width:1em;height:1em}.elementor-widget-text-editor .elementor-drop-cap{float:left;text-align:center;line-height:1;font-size:50px}.elementor-widget-text-editor .elementor-drop-cap-letter{display:inline-block}<\/style>\t\t\t\t<p>\n\n\n\n<form\n\tid=\"yith-wcwl-form\"\n\taction=\"https:\/\/megganelorne.fr\/?page_id=16\"\n\tmethod=\"post\"\n\tclass=\"woocommerce yith-wcwl-form wishlist-fragment\"\n\tdata-fragment-options=\"{&quot;per_page&quot;:5,&quot;current_page&quot;:1,&quot;pagination&quot;:&quot;no&quot;,&quot;wishlist_id&quot;:false,&quot;action_params&quot;:false,&quot;no_interactions&quot;:false,&quot;layout&quot;:&quot;&quot;,&quot;wishlist&quot;:false,&quot;is_default&quot;:true,&quot;is_custom_list&quot;:false,&quot;wishlist_token&quot;:&quot;&quot;,&quot;is_private&quot;:false,&quot;count&quot;:0,&quot;page_title&quot;:&quot;Ma liste d&#039;envies&quot;,&quot;default_wishlsit_title&quot;:&quot;Ma liste d&#039;envies&quot;,&quot;page_links&quot;:false,&quot;is_user_logged_in&quot;:false,&quot;is_user_owner&quot;:true,&quot;can_user_edit_title&quot;:false,&quot;show_price&quot;:true,&quot;show_dateadded&quot;:false,&quot;show_stock_status&quot;:true,&quot;show_add_to_cart&quot;:true,&quot;show_remove_product&quot;:true,&quot;add_to_cart_text&quot;:&quot;Ajouter au panier&quot;,&quot;show_ask_estimate_button&quot;:false,&quot;ask_estimate_url&quot;:&quot;&quot;,&quot;price_excl_tax&quot;:true,&quot;show_cb&quot;:false,&quot;show_quantity&quot;:false,&quot;show_variation&quot;:false,&quot;show_price_variations&quot;:false,&quot;show_update&quot;:false,&quot;enable_drag_n_drop&quot;:false,&quot;enable_add_all_to_cart&quot;:false,&quot;move_to_another_wishlist&quot;:false,&quot;repeat_remove_button&quot;:false,&quot;show_last_column&quot;:true,&quot;heading_icon&quot;:&quot;&lt;i class=\\&quot;fa fa-heart-o\\&quot;&gt;&lt;\\\/i&gt;&quot;,&quot;share_enabled&quot;:false,&quot;template_part&quot;:&quot;view&quot;,&quot;additional_info&quot;:false,&quot;available_multi_wishlist&quot;:false,&quot;form_action&quot;:&quot;https:\\\/\\\/megganelorne.fr\\\/?page_id=16&quot;,&quot;item&quot;:&quot;wishlist&quot;}\"\n>\n\n\t<!-- TITLE -->\n\t\t\t<div class=\"wishlist-title-container\">\n\t\t\t<div class=\"wishlist-title \">\n\t\t\t\t<h2>Ma liste d&#8217;envies<\/h2>\t\t\t\t\t\t\t<\/div>\n\t\t\t\t\t<\/div>\n\t\t\n\n<!-- WISHLIST TABLE -->\n<table\n\tclass=\"shop_table cart wishlist_table wishlist_view traditional responsive   \"\n\tdata-pagination=\"no\" data-per-page=\"5\" data-page=\"1\"\n\tdata-id=\"\" data-token=\"\">\n\n\t\n\t<thead>\n\t<tr>\n\t\t\n\t\t\t\t\t\t\t\t<th class=\"product-remove\">\n\t\t\t\t<span class=\"nobr\">\n\t\t\t\t\t\t\t\t\t<\/span>\n\t\t\t<\/th>\n\t\t\n\t\t<th class=\"product-thumbnail\"><\/th>\n\n\t\t<th class=\"product-name\">\n\t\t\t<span class=\"nobr\">\n\t\t\t\tNom du produit\t\t\t<\/span>\n\t\t<\/th>\n\n\t\t\t\t\t\t\t\t<th class=\"product-price\">\n\t\t\t\t<span class=\"nobr\">\n\t\t\t\t\tPrix unitaire\t\t\t\t<\/span>\n\t\t\t<\/th>\n\t\t\n\t\t\n\t\t\t\t\t\t\t\t<th class=\"product-stock-status\">\n\t\t\t\t<span class=\"nobr\">\n\t\t\t\t\t\u00c9tat du stock\t\t\t\t<\/span>\n\t\t\t<\/th>\n\t\t\n\t\t\t\t\t\t\t\t<th class=\"product-add-to-cart\">\n\t\t\t\t<span class=\"nobr\">\n\t\t\t\t\t\t\t\t\t<\/span>\n\t\t\t<\/th>\n\t\t\n\t\t\t<\/tr>\n\t<\/thead>\n\n\t<tbody class=\"wishlist-items-wrapper\">\n\t\t\t<tr>\n\t\t\t\t\t\t<td colspan=\"6\" class=\"wishlist-empty\">Aucun produit ajout\u00e9 \u00e0 la liste de souhaits<\/td>\n\t\t<\/tr>\n\t\t\t<\/tbody>\n\n<\/table>\n\n\t<div class=\"yith_wcwl_wishlist_footer\">\n\t\t\n\n\t\t\n\n\t\t\n\t\t\t<\/div>\n\n\t<input type=\"hidden\" id=\"yith_wcwl_edit_wishlist\" name=\"yith_wcwl_edit_wishlist\" value=\"4f5b057b05\" \/><input type=\"hidden\" name=\"_wp_http_referer\" value=\"\/index.php?rest_route=%2Fwp%2Fv2%2Fpages%2F16\" \/>\t<input type=\"hidden\" value=\"\" name=\"wishlist_id\" id=\"wishlist_id\">\n\n\t\n<\/form>\n\n\n\n<\/p>\t\t\t\t\t\t<\/div>\n\t\t\t\t<\/div>\n\t\t\t\t\t<\/div>\n\t\t<\/div>\n\t\t\t\t\t\t\t<\/div>\n\t\t<\/section>\n\t\t\t\t\t\t\t<\/div>\n\t\t","protected":false},"excerpt":{"rendered":"","protected":false},"author":1,"featured_media":0,"parent":0,"menu_order":0,"comment_status":"closed","ping_status":"closed","template":"","meta":{"footnotes":""},"class_list":["post-16","page","type-page","status-publish","hentry"],"jetpack-related-posts":[{"id":5875,"url":"https:\/\/megganelorne.fr\/?page_id=5875","url_meta":{"origin":16,"position":0},"title":"Wish","author":"MegganeLorne","date":"10 f\u00e9vrier 2022","format":false,"excerpt":"","rel":"","context":"Article similaire","block_context":{"text":"Article similaire","link":""},"img":{"alt_text":"","src":"","width":0,"height":0},"classes":[]},{"id":5798,"url":"https:\/\/megganelorne.fr\/","url_meta":{"origin":16,"position":1},"title":"bienvenue","author":"MegganeLorne","date":"1 f\u00e9vrier 2023","format":false,"excerpt":"mes derni\u00e8res illustrations d\u00e9couvrez l'artiste B\u00e9n\u00e9ficiez de la livraison offerte sur les impression Frais de port offert des 74,90 \u20ac\u00a0 Cliquez ici OU ACHETER VOTRE MAT\u00c9RIEL D'ART ? ARTICLE Vacance (impression) Select options Ajouter \u00e0 la liste de souhaits Vue Rapide 74,90\u00a0\u20ac \u2013 120,00\u00a0\u20ac Dangerous Add to cart Ajouter \u00e0\u2026","rel":"","context":"Article similaire","block_context":{"text":"Article similaire","link":""},"img":{"alt_text":"","src":"https:\/\/i0.wp.com\/megganelorne.fr\/wp-content\/uploads\/2024\/07\/RNI-Films-IMG-1B310060-83F7-461C-B2B0-36557AD7D357.jpg?resize=350%2C200&ssl=1","width":350,"height":200,"srcset":"https:\/\/i0.wp.com\/megganelorne.fr\/wp-content\/uploads\/2024\/07\/RNI-Films-IMG-1B310060-83F7-461C-B2B0-36557AD7D357.jpg?resize=350%2C200&ssl=1 1x, https:\/\/i0.wp.com\/megganelorne.fr\/wp-content\/uploads\/2024\/07\/RNI-Films-IMG-1B310060-83F7-461C-B2B0-36557AD7D357.jpg?resize=525%2C300&ssl=1 1.5x, https:\/\/i0.wp.com\/megganelorne.fr\/wp-content\/uploads\/2024\/07\/RNI-Films-IMG-1B310060-83F7-461C-B2B0-36557AD7D357.jpg?resize=700%2C400&ssl=1 2x, https:\/\/i0.wp.com\/megganelorne.fr\/wp-content\/uploads\/2024\/07\/RNI-Films-IMG-1B310060-83F7-461C-B2B0-36557AD7D357.jpg?resize=1050%2C600&ssl=1 3x, https:\/\/i0.wp.com\/megganelorne.fr\/wp-content\/uploads\/2024\/07\/RNI-Films-IMG-1B310060-83F7-461C-B2B0-36557AD7D357.jpg?resize=1400%2C800&ssl=1 4x"},"classes":[]},{"id":2198,"url":"https:\/\/megganelorne.fr\/?page_id=2198","url_meta":{"origin":16,"position":2},"title":"Category List","author":"MegganeLorne","date":"3 septembre 2021","format":false,"excerpt":"Uncategorized Magic Loom Karelia Jones Intro Harrow Great","rel":"","context":"Article similaire","block_context":{"text":"Article similaire","link":""},"img":{"alt_text":"a","src":"https:\/\/i0.wp.com\/gesso.qodeinteractive.com\/wp-content\/uploads\/2021\/10\/h3-cat6.jpg?resize=350%2C200&ssl=1","width":350,"height":200,"srcset":"https:\/\/i0.wp.com\/gesso.qodeinteractive.com\/wp-content\/uploads\/2021\/10\/h3-cat6.jpg?resize=350%2C200&ssl=1 1x, https:\/\/i0.wp.com\/gesso.qodeinteractive.com\/wp-content\/uploads\/2021\/10\/h3-cat6.jpg?resize=525%2C300&ssl=1 1.5x"},"classes":[]},{"id":1215,"url":"https:\/\/megganelorne.fr\/?page_id=1215","url_meta":{"origin":16,"position":3},"title":"Magazine List","author":"MegganeLorne","date":"3 septembre 2021","format":false,"excerpt":"September 3, 2021 12 great examples of wooden frames Learn how to choose a perfect frame September 3, 2021 Find inspiration with Mrs Cruz Interview with an artist September 3, 2021 How to hang your art Tips and tricks for safety September 3, 2021 Wake up with a masterpiece Start\u2026","rel":"","context":"Article similaire","block_context":{"text":"Article similaire","link":""},"img":{"alt_text":"t","src":"https:\/\/i0.wp.com\/gesso.qodeinteractive.com\/wp-content\/uploads\/2021\/09\/blog-single-img-4.jpg?resize=350%2C200&ssl=1","width":350,"height":200,"srcset":"https:\/\/i0.wp.com\/gesso.qodeinteractive.com\/wp-content\/uploads\/2021\/09\/blog-single-img-4.jpg?resize=350%2C200&ssl=1 1x, https:\/\/i0.wp.com\/gesso.qodeinteractive.com\/wp-content\/uploads\/2021\/09\/blog-single-img-4.jpg?resize=525%2C300&ssl=1 1.5x"},"classes":[]},{"id":1750,"url":"https:\/\/megganelorne.fr\/?page_id=1750","url_meta":{"origin":16,"position":4},"title":"Slider List","author":"MegganeLorne","date":"3 septembre 2021","format":false,"excerpt":"03\/09\/2021 Alexa Rollins A day in the life of an artist, from inspiration to realisation Read More 03\/09\/2021 Alexa Rollins 12 great examples of wooden frames Read More 03\/09\/2021 Alexa Rollins See what it\u2019s like to paint Read More 03\/09\/2021 Alexa Rollins 10 great tips for better creativity Read More\u2026","rel":"","context":"Article similaire","block_context":{"text":"Article similaire","link":""},"img":{"alt_text":"","src":"","width":0,"height":0},"classes":[]},{"id":1781,"url":"https:\/\/megganelorne.fr\/?page_id=1781","url_meta":{"origin":16,"position":5},"title":"Landing","author":"MegganeLorne","date":"7 septembre 2021","format":false,"excerpt":"Designed to showcase your art pieces & prints. Get Theme AN ARTFUL WAY TO SELL ONLINE. GESSO. Captivating contemporary website templates for art and print shops. Main Home Print Shop Art Shop Portfolio layouts landing-portfolio-slider landing-portfolio Your new blog landing-blog-standard landing-blog-gallery VARIETY OF PREDESIGNED INNER PAGES FOR ALL USES VARIETY\u2026","rel":"","context":"Article similaire","block_context":{"text":"Article similaire","link":""},"img":{"alt_text":"","src":"https:\/\/i0.wp.com\/gesso.qodeinteractive.com\/wp-content\/uploads\/2021\/11\/Gesso-1.png?resize=350%2C200&ssl=1","width":350,"height":200},"classes":[]}],"jetpack_sharing_enabled":true,"_links":{"self":[{"href":"https:\/\/megganelorne.fr\/index.php?rest_route=\/wp\/v2\/pages\/16","targetHints":{"allow":["GET"]}}],"collection":[{"href":"https:\/\/megganelorne.fr\/index.php?rest_route=\/wp\/v2\/pages"}],"about":[{"href":"https:\/\/megganelorne.fr\/index.php?rest_route=\/wp\/v2\/types\/page"}],"author":[{"embeddable":true,"href":"https:\/\/megganelorne.fr\/index.php?rest_route=\/wp\/v2\/users\/1"}],"replies":[{"embeddable":true,"href":"https:\/\/megganelorne.fr\/index.php?rest_route=%2Fwp%2Fv2%2Fcomments&post=16"}],"version-history":[{"count":7,"href":"https:\/\/megganelorne.fr\/index.php?rest_route=\/wp\/v2\/pages\/16\/revisions"}],"predecessor-version":[{"id":5911,"href":"https:\/\/megganelorne.fr\/index.php?rest_route=\/wp\/v2\/pages\/16\/revisions\/5911"}],"wp:attachment":[{"href":"https:\/\/megganelorne.fr\/index.php?rest_route=%2Fwp%2Fv2%2Fmedia&parent=16"}],"curies":[{"name":"wp","href":"https:\/\/api.w.org\/{rel}","templated":true}]}}