{"id":5764,"date":"2022-02-08T17:56:43","date_gmt":"2022-02-08T16:56:43","guid":{"rendered":"http:\/\/megganelorne.fr\/?page_id=5764"},"modified":"2023-11-21T21:17:59","modified_gmt":"2023-11-21T20:17:59","slug":"lala","status":"publish","type":"page","link":"https:\/\/megganelorne.fr\/?page_id=5764","title":{"rendered":"L&#8217;ARTISTE"},"content":{"rendered":"\t\t<div data-elementor-type=\"wp-page\" data-elementor-id=\"5764\" class=\"elementor elementor-5764\">\n\t\t\t\t\t\t\t\t\t<section class=\"elementor-section elementor-top-section elementor-element elementor-element-5d5ccbe elementor-section-boxed elementor-section-height-default elementor-section-height-default qodef-elementor-content-no\" data-id=\"5d5ccbe\" data-element_type=\"section\">\n\t\t\t\t\t\t<div class=\"elementor-container elementor-column-gap-default\">\n\t\t\t\t\t<div class=\"elementor-column elementor-col-100 elementor-top-column elementor-element elementor-element-92ca67d\" data-id=\"92ca67d\" data-element_type=\"column\">\n\t\t\t<div class=\"elementor-widget-wrap elementor-element-populated\">\n\t\t\t\t\t\t\t\t<div class=\"elementor-element elementor-element-991c88c elementor-widget elementor-widget-spacer\" data-id=\"991c88c\" data-element_type=\"widget\" data-widget_type=\"spacer.default\">\n\t\t\t\t<div class=\"elementor-widget-container\">\n\t\t\t<style>\/*! elementor - v3.17.0 - 08-11-2023 *\/\n.elementor-column .elementor-spacer-inner{height:var(--spacer-size)}.e-con{--container-widget-width:100%}.e-con-inner>.elementor-widget-spacer,.e-con>.elementor-widget-spacer{width:var(--container-widget-width,var(--spacer-size));--align-self:var(--container-widget-align-self,initial);--flex-shrink:0}.e-con-inner>.elementor-widget-spacer>.elementor-widget-container,.e-con>.elementor-widget-spacer>.elementor-widget-container{height:100%;width:100%}.e-con-inner>.elementor-widget-spacer>.elementor-widget-container>.elementor-spacer,.e-con>.elementor-widget-spacer>.elementor-widget-container>.elementor-spacer{height:100%}.e-con-inner>.elementor-widget-spacer>.elementor-widget-container>.elementor-spacer>.elementor-spacer-inner,.e-con>.elementor-widget-spacer>.elementor-widget-container>.elementor-spacer>.elementor-spacer-inner{height:var(--container-widget-height,var(--spacer-size))}.e-con-inner>.elementor-widget-spacer.elementor-widget-empty,.e-con>.elementor-widget-spacer.elementor-widget-empty{position:relative;min-height:22px;min-width:22px}.e-con-inner>.elementor-widget-spacer.elementor-widget-empty .elementor-widget-empty-icon,.e-con>.elementor-widget-spacer.elementor-widget-empty .elementor-widget-empty-icon{position:absolute;top:0;bottom:0;left:0;right:0;margin:auto;padding:0;width:22px;height:22px}<\/style>\t\t<div class=\"elementor-spacer\">\n\t\t\t<div class=\"elementor-spacer-inner\"><\/div>\n\t\t<\/div>\n\t\t\t\t<\/div>\n\t\t\t\t<\/div>\n\t\t\t\t\t<\/div>\n\t\t<\/div>\n\t\t\t\t\t\t\t<\/div>\n\t\t<\/section>\n\t\t\t\t<section class=\"elementor-section elementor-top-section elementor-element elementor-element-4635e5f elementor-section-boxed elementor-section-height-default elementor-section-height-default qodef-elementor-content-no\" data-id=\"4635e5f\" data-element_type=\"section\">\n\t\t\t\t\t\t<div class=\"elementor-container elementor-column-gap-default\">\n\t\t\t\t\t<div class=\"elementor-column elementor-col-100 elementor-top-column elementor-element elementor-element-ee561d4\" data-id=\"ee561d4\" data-element_type=\"column\">\n\t\t\t<div class=\"elementor-widget-wrap elementor-element-populated\">\n\t\t\t\t\t\t\t\t<div class=\"elementor-element elementor-element-a9fb0a3 elementor-widget__width-initial elementor-widget elementor-widget-gesso_core_section_title\" data-id=\"a9fb0a3\" data-element_type=\"widget\" data-widget_type=\"gesso_core_section_title.default\">\n\t\t\t\t<div class=\"elementor-widget-container\">\n\t\t\t<div class=\"qodef-shortcode qodef-m  qodef-section-title qodef-alignment--center \">\n\t\t<h5 class=\"qodef-m-title\" >\n\t\t\t\t\tMeggane Lorne\t\t\t<\/h5>\n\t\t<span class=\"qodef-m-subtitle\">\n\t\tBiographie\t<\/span>\n\t\t<p class=\"qodef-m-text\" >\n<\/p>\n<\/div>\n\t\t<\/div>\n\t\t\t\t<\/div>\n\t\t\t\t<div class=\"elementor-element elementor-element-2c8f314 elementor-widget elementor-widget-spacer\" data-id=\"2c8f314\" data-element_type=\"widget\" data-widget_type=\"spacer.default\">\n\t\t\t\t<div class=\"elementor-widget-container\">\n\t\t\t\t\t<div class=\"elementor-spacer\">\n\t\t\t<div class=\"elementor-spacer-inner\"><\/div>\n\t\t<\/div>\n\t\t\t\t<\/div>\n\t\t\t\t<\/div>\n\t\t\t\t<div class=\"elementor-element elementor-element-7648de9 elementor-widget elementor-widget-image\" data-id=\"7648de9\" data-element_type=\"widget\" data-widget_type=\"image.default\">\n\t\t\t\t<div class=\"elementor-widget-container\">\n\t\t\t<style>\/*! elementor - v3.17.0 - 08-11-2023 *\/\n.elementor-widget-image{text-align:center}.elementor-widget-image a{display:inline-block}.elementor-widget-image a img[src$=\".svg\"]{width:48px}.elementor-widget-image img{vertical-align:middle;display:inline-block}<\/style>\t\t\t\t\t\t\t\t\t\t\t\t<img loading=\"lazy\" decoding=\"async\" width=\"768\" height=\"1152\" src=\"https:\/\/i0.wp.com\/megganelorne.fr\/wp-content\/uploads\/2022\/08\/Meggane_Website.png?fit=768%2C1152&amp;ssl=1\" class=\"attachment-medium_large size-medium_large wp-image-6467\" alt=\"\" srcset=\"https:\/\/i0.wp.com\/megganelorne.fr\/wp-content\/uploads\/2022\/08\/Meggane_Website.png?w=1200&amp;ssl=1 1200w, https:\/\/i0.wp.com\/megganelorne.fr\/wp-content\/uploads\/2022\/08\/Meggane_Website.png?resize=200%2C300&amp;ssl=1 200w, https:\/\/i0.wp.com\/megganelorne.fr\/wp-content\/uploads\/2022\/08\/Meggane_Website.png?resize=683%2C1024&amp;ssl=1 683w, https:\/\/i0.wp.com\/megganelorne.fr\/wp-content\/uploads\/2022\/08\/Meggane_Website.png?resize=768%2C1152&amp;ssl=1 768w, https:\/\/i0.wp.com\/megganelorne.fr\/wp-content\/uploads\/2022\/08\/Meggane_Website.png?resize=1024%2C1536&amp;ssl=1 1024w, https:\/\/i0.wp.com\/megganelorne.fr\/wp-content\/uploads\/2022\/08\/Meggane_Website.png?resize=600%2C900&amp;ssl=1 600w\" sizes=\"auto, (max-width: 768px) 100vw, 768px\" \/>\t\t\t\t\t\t\t\t\t\t\t\t\t\t\t<\/div>\n\t\t\t\t<\/div>\n\t\t\t\t<div class=\"elementor-element elementor-element-e92d0bc elementor-widget elementor-widget-text-editor\" data-id=\"e92d0bc\" data-element_type=\"widget\" data-widget_type=\"text-editor.default\">\n\t\t\t\t<div class=\"elementor-widget-container\">\n\t\t\t<style>\/*! elementor - v3.17.0 - 08-11-2023 *\/\n.elementor-widget-text-editor.elementor-drop-cap-view-stacked .elementor-drop-cap{background-color:#69727d;color:#fff}.elementor-widget-text-editor.elementor-drop-cap-view-framed .elementor-drop-cap{color:#69727d;border:3px solid;background-color:transparent}.elementor-widget-text-editor:not(.elementor-drop-cap-view-default) .elementor-drop-cap{margin-top:8px}.elementor-widget-text-editor:not(.elementor-drop-cap-view-default) .elementor-drop-cap-letter{width:1em;height:1em}.elementor-widget-text-editor .elementor-drop-cap{float:left;text-align:center;line-height:1;font-size:50px}.elementor-widget-text-editor .elementor-drop-cap-letter{display:inline-block}<\/style>\t\t\t\t<p class=\"p1\">Je me pr\u00e9sente, <strong>Meggane Lorne<\/strong> <strong>artiste peintre<\/strong>.<\/p><p class=\"p1\">J\u2019ai eu la chance d\u2019\u00e9tudier \u00e0 Paris 1 La Sorbonne en arts plastiques mais avant tout plusieurs \u00e9tapes se sont d\u00e9roul\u00e9es\u2026<\/p><p class=\"p1\">Passionn\u00e9e par l\u2019art d\u00e8s mon plus jeune \u00e2ge, j&#8217;ai commenc\u00e9 \u00e0 faire des paysages et des natures mortes \u00e0 la peinture d\u00e8s l&#8217;\u00e2ge de 7 ans. J\u2019ai suivi des cours d\u2019art ou j\u2019ai pu \u00e9tudier diff\u00e9rentes techniques et exprimer mon style avec diff\u00e9rents professeurs.<\/p><p class=\"p1\">Suite \u00e0 cela j\u2019ai pu faire ma premi\u00e8re exposition dans la mairie de ma ville en 2011.<\/p><p class=\"p1\">J\u2019ai obtenu mon bac arts appliqu\u00e9s en 2015 ce qui m&#8217;a permis de d\u00e9velopper encore plus mes capacit\u00e9s artistiques et de savoir ce qui me plaisait r\u00e9ellement.<\/p><p class=\"p1\">Pendant mes divers cours d&#8217;art, j&#8217;ai eu l&#8217;occasion d&#8217;explorer la perspective, les proportions d&#8217;objets et de corps. De plus, j&#8217;ai eu la chance de participer \u00e0 des cours de mod\u00e8le vivant.<\/p><p class=\"p1\">C&#8217;est pendant mon ann\u00e9e \u00e0 la fac que j\u2019ai fait la rencontre d\u2019un professeur que j&#8217;ai ador\u00e9 il m&#8217;a appris \u00e0 m\u2019exprimer sur de plus grands formats, avec diff\u00e9rents mat\u00e9riaux, tout en \u00e9largissant ma compr\u00e9hension de l&#8217;art.<\/p><p class=\"p1\">\u00c0 la suite de mes \u00e9tudes, j\u2019ai d\u00e9cid\u00e9 de partager mes oeuvres en faisant plusieurs expositions et en cr\u00e9ant mon 1er site d\u2019art en 2017.<\/p><p class=\"p1\">Aujourd\u2019hui, j&#8217;ai pris la d\u00e9cision de partager mes cr\u00e9ations en ouvrant ma propre boutique en ligne.<\/p><p>Aujourd&#8217;hui, je travaille avec une vari\u00e9t\u00e9 de mat\u00e9riaux mais lorsque j&#8217;utilise de la peinture \u00e0 l&#8217;huile, je favorise des teintes tr\u00e8s vives. Je trouve que cela intensifie mes d\u00e9tails et donne \u00e0 mes sujets une \u00e9motion tr\u00e8s puissante.<\/p><p>\u00c0 travers mes cr\u00e9ations, je souhaite exprimer ma vision des sujets qui me tiennent \u00e0 c\u0153ur, en particulier les femmes. Des femmes qui incarnent la puissance et la force, qui ont le courage d&#8217;\u00eatre pleinement elles-m\u00eames.<\/p><p>Mon objectif est de mettre en lumi\u00e8re la puissance int\u00e9rieure de ces femmes, qui \u00e9quivaut \u00e0 leur beaut\u00e9 ext\u00e9rieure. En utilisant des couleurs vives dans mes \u0153uvres, j&#8217;accentue les \u00e9motions pour mieux les exprimer.<\/p><p class=\"p1\"><strong><em>&#8220;La peint<\/em><em>ure est le moment o\u00f9 je peux lib\u00e9rer mon esprit.&#8221;<\/em><\/strong><\/p>\t\t\t\t\t\t<\/div>\n\t\t\t\t<\/div>\n\t\t\t\t\t<\/div>\n\t\t<\/div>\n\t\t\t\t\t\t\t<\/div>\n\t\t<\/section>\n\t\t\t\t<section class=\"elementor-section elementor-top-section elementor-element elementor-element-475463c elementor-section-full_width elementor-section-height-default elementor-section-height-default qodef-elementor-content-no\" data-id=\"475463c\" data-element_type=\"section\">\n\t\t\t\t\t\t<div class=\"elementor-container elementor-column-gap-default\">\n\t\t\t\t\t<div class=\"elementor-column elementor-col-100 elementor-top-column elementor-element elementor-element-da75f46\" data-id=\"da75f46\" data-element_type=\"column\">\n\t\t\t<div class=\"elementor-widget-wrap elementor-element-populated\">\n\t\t\t\t\t\t\t\t<div class=\"elementor-element elementor-element-dc94068 elementor-widget__width-initial elementor-widget elementor-widget-gesso_core_section_title\" data-id=\"dc94068\" data-element_type=\"widget\" data-widget_type=\"gesso_core_section_title.default\">\n\t\t\t\t<div class=\"elementor-widget-container\">\n\t\t\t<div class=\"qodef-shortcode qodef-m  qodef-section-title qodef-alignment--center \">\n\t\t<h6 class=\"qodef-m-title\" >\n\t\t\t\t\tABONNEZ-VOUS \u00c0 MA NEWSLETTER\t\t\t<\/h6>\n\t\t\t<p class=\"qodef-m-text\" style=\"margin-top: 10px\">D\u00e9couvrez en avant-premi\u00e8re les prochaines nouveaut\u00e9s sur le site.<\/p>\n<\/div>\n\t\t<\/div>\n\t\t\t\t<\/div>\n\t\t\t\t<div class=\"elementor-element elementor-element-0c44a01 elementor-widget elementor-widget-spacer\" data-id=\"0c44a01\" data-element_type=\"widget\" data-widget_type=\"spacer.default\">\n\t\t\t\t<div class=\"elementor-widget-container\">\n\t\t\t\t\t<div class=\"elementor-spacer\">\n\t\t\t<div class=\"elementor-spacer-inner\"><\/div>\n\t\t<\/div>\n\t\t\t\t<\/div>\n\t\t\t\t<\/div>\n\t\t\t\t<div class=\"elementor-element elementor-element-1bf3eb9 elementor-widget__width-initial elementor-widget elementor-widget-wp-widget-gesso_core_contact_form_7\" data-id=\"1bf3eb9\" data-element_type=\"widget\" data-widget_type=\"wp-widget-gesso_core_contact_form_7.default\">\n\t\t\t\t<div class=\"elementor-widget-container\">\n\t\t\t\t\t\t<div class=\"qodef-contact-form-7\">\n\t\t\t\t\n<div class=\"wpcf7 no-js\" id=\"wpcf7-f1449-o1\" lang=\"en-US\" dir=\"ltr\">\n<div class=\"screen-reader-response\"><p role=\"status\" aria-live=\"polite\" aria-atomic=\"true\"><\/p> <ul><\/ul><\/div>\n<form action=\"\/index.php?rest_route=%2Fwp%2Fv2%2Fpages%2F5764#wpcf7-f1449-o1\" method=\"post\" class=\"wpcf7-form init\" aria-label=\"Contact form\" novalidate=\"novalidate\" data-status=\"init\">\n<div style=\"display: none;\">\n<input type=\"hidden\" name=\"_wpcf7\" value=\"1449\" \/>\n<input type=\"hidden\" name=\"_wpcf7_version\" value=\"5.8.2\" \/>\n<input type=\"hidden\" name=\"_wpcf7_locale\" value=\"en_US\" \/>\n<input type=\"hidden\" name=\"_wpcf7_unit_tag\" value=\"wpcf7-f1449-o1\" \/>\n<input type=\"hidden\" name=\"_wpcf7_container_post\" value=\"0\" \/>\n<input type=\"hidden\" name=\"_wpcf7_posted_data_hash\" value=\"\" \/>\n<\/div>\n<div class=\"qodef-cf-newsletter\">\n<span class=\"wpcf7-form-control-wrap\" data-name=\"your-email\"><input size=\"40\" class=\"wpcf7-form-control wpcf7-email wpcf7-validates-as-required wpcf7-text wpcf7-validates-as-email\" aria-required=\"true\" aria-invalid=\"false\" placeholder=\"Votre email...\" value=\"\" type=\"email\" name=\"your-email\" \/><\/span>\n<button class=\"wpcf7-form-control wpcf7-submit qodef-button qodef-size--large qodef-layout--outlined qodef-m\" type=\"submit\"><span class=\"qodef-m-text\">S'abonner<\/span><\/button>\n<\/div><p style=\"display: none !important;\"><label>&#916;<textarea name=\"_wpcf7_ak_hp_textarea\" cols=\"45\" rows=\"8\" maxlength=\"100\"><\/textarea><\/label><input type=\"hidden\" id=\"ak_js_1\" name=\"_wpcf7_ak_js\" value=\"136\"\/><script>document.getElementById( \"ak_js_1\" ).setAttribute( \"value\", ( new Date() ).getTime() );<\/script><\/p><div class=\"wpcf7-response-output\" aria-hidden=\"true\"><\/div>\n<\/form>\n<\/div>\n\t\t\t<\/div>\n\t\t\t\t\t<\/div>\n\t\t\t\t<\/div>\n\t\t\t\t\t<\/div>\n\t\t<\/div>\n\t\t\t\t\t\t\t<\/div>\n\t\t<\/section>\n\t\t\t\t<section class=\"elementor-section elementor-top-section elementor-element elementor-element-2628fc2 elementor-section-boxed elementor-section-height-default elementor-section-height-default qodef-elementor-content-no\" data-id=\"2628fc2\" data-element_type=\"section\">\n\t\t\t\t\t\t<div class=\"elementor-container elementor-column-gap-default\">\n\t\t\t\t\t<div class=\"elementor-column elementor-col-100 elementor-top-column elementor-element elementor-element-7836357\" data-id=\"7836357\" data-element_type=\"column\">\n\t\t\t<div class=\"elementor-widget-wrap elementor-element-populated\">\n\t\t\t\t\t\t\t\t<div class=\"elementor-element elementor-element-807399b elementor-widget elementor-widget-gesso_core_instagram_list\" data-id=\"807399b\" data-element_type=\"widget\" data-widget_type=\"gesso_core_instagram_list.default\">\n\t\t\t\t<div class=\"elementor-widget-container\">\n\t\t\t<div class=\"qodef-shortcode qodef-m  qodef-instagram-list qodef-layout--columns qodef--no-bottom-space  qodef-gutter--small qodef-col-num--3\">\n\t\r\n<div id=\"sb_instagram\"  class=\"sbi sbi_mob_col_1 sbi_tab_col_2 sbi_col_3 sbi_width_resp\" style=\"width: 100%;\" data-feedid=\"sbi_17841401430626774#10\"  data-res=\"auto\" data-cols=\"3\" data-colsmobile=\"1\" data-colstablet=\"2\" data-num=\"10\" data-nummobile=\"\" data-shortcode-atts=\"{&quot;0&quot;:&quot;10&quot;,&quot;1&quot;:&quot;3&quot;,&quot;2&quot;:&quot;0&quot;,&quot;3&quot;:&quot;px&quot;,&quot;4&quot;:&quot;auto&quot;,&quot;num&quot;:&quot;10&quot;,&quot;cols&quot;:&quot;3&quot;,&quot;imagepadding&quot;:&quot;0&quot;,&quot;imagepaddingunit&quot;:&quot;px&quot;,&quot;showheader&quot;:&quot;&quot;,&quot;showfollow&quot;:&quot;&quot;,&quot;showbutton&quot;:&quot;&quot;,&quot;imageres&quot;:&quot;auto&quot;}\"  data-postid=\"5764\" data-locatornonce=\"a7010cd05f\" data-sbi-flags=\"favorLocal,gdpr\">\r\n\t\r\n    <div id=\"sbi_images\" >\r\n\t\t<div class=\"sbi_item sbi_type_image sbi_new sbi_transition\" id=\"sbi_17953951538579588\" data-date=\"1681925689\">\r\n    <div class=\"sbi_photo_wrap\">\r\n        <a class=\"sbi_photo\" href=\"https:\/\/www.instagram.com\/p\/CrOe5wjtmr-\/\" target=\"_blank\" rel=\"noopener nofollow\" data-full-res=\"https:\/\/scontent-frt3-2.cdninstagram.com\/v\/t51.29350-15\/342238399_237601972142194_5455435743805461836_n.jpg?_nc_cat=110&#038;ccb=1-7&#038;_nc_sid=8ae9d6&#038;_nc_ohc=YvpCk5pAJ_YAX97tfAT&#038;_nc_ht=scontent-frt3-2.cdninstagram.com&#038;edm=ANo9K5cEAAAA&#038;oh=00_AfCdxgFErFiZjEh6CMEeLycU2BIjAAH9nfIhN_fww3POEw&#038;oe=64491C96\" data-img-src-set=\"{&quot;d&quot;:&quot;https:\\\/\\\/scontent-frt3-2.cdninstagram.com\\\/v\\\/t51.29350-15\\\/342238399_237601972142194_5455435743805461836_n.jpg?_nc_cat=110&amp;ccb=1-7&amp;_nc_sid=8ae9d6&amp;_nc_ohc=YvpCk5pAJ_YAX97tfAT&amp;_nc_ht=scontent-frt3-2.cdninstagram.com&amp;edm=ANo9K5cEAAAA&amp;oh=00_AfCdxgFErFiZjEh6CMEeLycU2BIjAAH9nfIhN_fww3POEw&amp;oe=64491C96&quot;,&quot;150&quot;:&quot;https:\\\/\\\/scontent-frt3-2.cdninstagram.com\\\/v\\\/t51.29350-15\\\/342238399_237601972142194_5455435743805461836_n.jpg?_nc_cat=110&amp;ccb=1-7&amp;_nc_sid=8ae9d6&amp;_nc_ohc=YvpCk5pAJ_YAX97tfAT&amp;_nc_ht=scontent-frt3-2.cdninstagram.com&amp;edm=ANo9K5cEAAAA&amp;oh=00_AfCdxgFErFiZjEh6CMEeLycU2BIjAAH9nfIhN_fww3POEw&amp;oe=64491C96&quot;,&quot;320&quot;:&quot;https:\\\/\\\/scontent-frt3-2.cdninstagram.com\\\/v\\\/t51.29350-15\\\/342238399_237601972142194_5455435743805461836_n.jpg?_nc_cat=110&amp;ccb=1-7&amp;_nc_sid=8ae9d6&amp;_nc_ohc=YvpCk5pAJ_YAX97tfAT&amp;_nc_ht=scontent-frt3-2.cdninstagram.com&amp;edm=ANo9K5cEAAAA&amp;oh=00_AfCdxgFErFiZjEh6CMEeLycU2BIjAAH9nfIhN_fww3POEw&amp;oe=64491C96&quot;,&quot;640&quot;:&quot;https:\\\/\\\/scontent-frt3-2.cdninstagram.com\\\/v\\\/t51.29350-15\\\/342238399_237601972142194_5455435743805461836_n.jpg?_nc_cat=110&amp;ccb=1-7&amp;_nc_sid=8ae9d6&amp;_nc_ohc=YvpCk5pAJ_YAX97tfAT&amp;_nc_ht=scontent-frt3-2.cdninstagram.com&amp;edm=ANo9K5cEAAAA&amp;oh=00_AfCdxgFErFiZjEh6CMEeLycU2BIjAAH9nfIhN_fww3POEw&amp;oe=64491C96&quot;}\">\r\n            <span class=\"sbi-screenreader\">Je travail sur un projet qui me tiens \u00e0 c\u0153ur et <\/span>\r\n            \t                    <img data-recalc-dims=\"1\" decoding=\"async\" src=\"https:\/\/i0.wp.com\/megganelorne.fr\/wp-content\/plugins\/instagram-feed\/img\/placeholder.png?w=1300&#038;ssl=1\" alt=\"Je travail sur un projet qui me tiens \u00e0 c\u0153ur et qui verras bient\u00f4t le jour ! J\u2019ai h\u00e2te de vite pouvoir partager \u00e7a avec vous\u2026\u2728\n #projet #prochainement #evenement\">\r\n        <\/a>\r\n    <\/div>\r\n<\/div><div class=\"sbi_item sbi_type_image sbi_new sbi_transition\" id=\"sbi_18166831204276683\" data-date=\"1675879864\">\r\n    <div class=\"sbi_photo_wrap\">\r\n        <a class=\"sbi_photo\" href=\"https:\/\/www.instagram.com\/p\/CoaTaAhNPtb\/\" target=\"_blank\" rel=\"noopener nofollow\" data-full-res=\"https:\/\/scontent-fra3-1.cdninstagram.com\/v\/t51.29350-15\/328300036_1193115997990050_6974937990058465152_n.jpg?_nc_cat=101&#038;ccb=1-7&#038;_nc_sid=8ae9d6&#038;_nc_ohc=bpZ6RIO9Gl0AX8sKqUj&#038;_nc_ht=scontent-fra3-1.cdninstagram.com&#038;edm=ANo9K5cEAAAA&#038;oh=00_AfAJ505xGziAa0DjKE8jWRnMO0YGu4c1vOAsc7NcBAKU0A&#038;oe=644826A0\" data-img-src-set=\"{&quot;d&quot;:&quot;https:\\\/\\\/scontent-fra3-1.cdninstagram.com\\\/v\\\/t51.29350-15\\\/328300036_1193115997990050_6974937990058465152_n.jpg?_nc_cat=101&amp;ccb=1-7&amp;_nc_sid=8ae9d6&amp;_nc_ohc=bpZ6RIO9Gl0AX8sKqUj&amp;_nc_ht=scontent-fra3-1.cdninstagram.com&amp;edm=ANo9K5cEAAAA&amp;oh=00_AfAJ505xGziAa0DjKE8jWRnMO0YGu4c1vOAsc7NcBAKU0A&amp;oe=644826A0&quot;,&quot;150&quot;:&quot;https:\\\/\\\/scontent-fra3-1.cdninstagram.com\\\/v\\\/t51.29350-15\\\/328300036_1193115997990050_6974937990058465152_n.jpg?_nc_cat=101&amp;ccb=1-7&amp;_nc_sid=8ae9d6&amp;_nc_ohc=bpZ6RIO9Gl0AX8sKqUj&amp;_nc_ht=scontent-fra3-1.cdninstagram.com&amp;edm=ANo9K5cEAAAA&amp;oh=00_AfAJ505xGziAa0DjKE8jWRnMO0YGu4c1vOAsc7NcBAKU0A&amp;oe=644826A0&quot;,&quot;320&quot;:&quot;https:\\\/\\\/scontent-fra3-1.cdninstagram.com\\\/v\\\/t51.29350-15\\\/328300036_1193115997990050_6974937990058465152_n.jpg?_nc_cat=101&amp;ccb=1-7&amp;_nc_sid=8ae9d6&amp;_nc_ohc=bpZ6RIO9Gl0AX8sKqUj&amp;_nc_ht=scontent-fra3-1.cdninstagram.com&amp;edm=ANo9K5cEAAAA&amp;oh=00_AfAJ505xGziAa0DjKE8jWRnMO0YGu4c1vOAsc7NcBAKU0A&amp;oe=644826A0&quot;,&quot;640&quot;:&quot;https:\\\/\\\/scontent-fra3-1.cdninstagram.com\\\/v\\\/t51.29350-15\\\/328300036_1193115997990050_6974937990058465152_n.jpg?_nc_cat=101&amp;ccb=1-7&amp;_nc_sid=8ae9d6&amp;_nc_ohc=bpZ6RIO9Gl0AX8sKqUj&amp;_nc_ht=scontent-fra3-1.cdninstagram.com&amp;edm=ANo9K5cEAAAA&amp;oh=00_AfAJ505xGziAa0DjKE8jWRnMO0YGu4c1vOAsc7NcBAKU0A&amp;oe=644826A0&quot;}\">\r\n            <span class=\"sbi-screenreader\">Prochainement \u23f1<\/span>\r\n            \t                    <img data-recalc-dims=\"1\" decoding=\"async\" src=\"https:\/\/i0.wp.com\/megganelorne.fr\/wp-content\/plugins\/instagram-feed\/img\/placeholder.png?w=1300&#038;ssl=1\" alt=\"Prochainement \u23f1\">\r\n        <\/a>\r\n    <\/div>\r\n<\/div>    <\/div>\r\n\r\n\t<div id=\"sbi_load\" >\r\n\r\n\t\r\n\t\r\n<\/div>\r\n\r\n\t    <span class=\"sbi_resized_image_data\" data-feed-id=\"sbi_17841401430626774#10\" data-resized=\"{&quot;18166831204276683&quot;:{&quot;id&quot;:&quot;328300036_1193115997990050_6974937990058465152_n&quot;,&quot;ratio&quot;:&quot;1.13&quot;,&quot;sizes&quot;:{&quot;full&quot;:640,&quot;low&quot;:320,&quot;thumb&quot;:150}},&quot;17953951538579588&quot;:{&quot;id&quot;:&quot;342238399_237601972142194_5455435743805461836_n&quot;,&quot;ratio&quot;:&quot;0.80&quot;,&quot;sizes&quot;:{&quot;full&quot;:640,&quot;low&quot;:320,&quot;thumb&quot;:150}}}\">\n\t<\/span>\n\t<\/div>\r\n\r\n<\/div>\n\t\t<\/div>\n\t\t\t\t<\/div>\n\t\t\t\t\t<\/div>\n\t\t<\/div>\n\t\t\t\t\t\t\t<\/div>\n\t\t<\/section>\n\t\t\t\t\t\t\t<\/div>\n\t\t","protected":false},"excerpt":{"rendered":"<p>Meggane Lorne Biographie Je me pr\u00e9sente, Meggane Lorne artiste peintre. J\u2019ai eu la chance d\u2019\u00e9tudier \u00e0 Paris 1 La Sorbonne en arts plastiques mais avant tout plusieurs \u00e9tapes se sont d\u00e9roul\u00e9es\u2026 Passionn\u00e9e par l\u2019art d\u00e8s mon plus jeune \u00e2ge, j&#8217;ai commenc\u00e9 \u00e0 faire des paysages et des natures mortes \u00e0 la peinture d\u00e8s l&#8217;\u00e2ge de [&hellip;]<\/p>\n","protected":false},"author":1,"featured_media":0,"parent":0,"menu_order":0,"comment_status":"closed","ping_status":"closed","template":"page-full-width.php","meta":{"footnotes":""},"class_list":["post-5764","page","type-page","status-publish","hentry"],"jetpack-related-posts":[{"id":5798,"url":"https:\/\/megganelorne.fr\/","url_meta":{"origin":5764,"position":0},"title":"bienvenue","author":"MegganeLorne","date":"1 f\u00e9vrier 2023","format":false,"excerpt":"mes derni\u00e8res illustrations d\u00e9couvrez l'artiste B\u00e9n\u00e9ficiez de la livraison offerte sur les impression Frais de port offert des 74,90 \u20ac\u00a0 Cliquez ici OU ACHETER VOTRE MAT\u00c9RIEL D'ART ? ARTICLE Vacance (impression) Select options Ajouter \u00e0 la liste de souhaits Vue Rapide 74,90\u00a0\u20ac \u2013 120,00\u00a0\u20ac Dangerous Add to cart Ajouter \u00e0\u2026","rel":"","context":"Article similaire","block_context":{"text":"Article similaire","link":""},"img":{"alt_text":"","src":"https:\/\/i0.wp.com\/megganelorne.fr\/wp-content\/uploads\/2024\/07\/RNI-Films-IMG-1B310060-83F7-461C-B2B0-36557AD7D357.jpg?resize=350%2C200&ssl=1","width":350,"height":200,"srcset":"https:\/\/i0.wp.com\/megganelorne.fr\/wp-content\/uploads\/2024\/07\/RNI-Films-IMG-1B310060-83F7-461C-B2B0-36557AD7D357.jpg?resize=350%2C200&ssl=1 1x, https:\/\/i0.wp.com\/megganelorne.fr\/wp-content\/uploads\/2024\/07\/RNI-Films-IMG-1B310060-83F7-461C-B2B0-36557AD7D357.jpg?resize=525%2C300&ssl=1 1.5x, https:\/\/i0.wp.com\/megganelorne.fr\/wp-content\/uploads\/2024\/07\/RNI-Films-IMG-1B310060-83F7-461C-B2B0-36557AD7D357.jpg?resize=700%2C400&ssl=1 2x, https:\/\/i0.wp.com\/megganelorne.fr\/wp-content\/uploads\/2024\/07\/RNI-Films-IMG-1B310060-83F7-461C-B2B0-36557AD7D357.jpg?resize=1050%2C600&ssl=1 3x, https:\/\/i0.wp.com\/megganelorne.fr\/wp-content\/uploads\/2024\/07\/RNI-Films-IMG-1B310060-83F7-461C-B2B0-36557AD7D357.jpg?resize=1400%2C800&ssl=1 4x"},"classes":[]},{"id":12,"url":"https:\/\/megganelorne.fr\/?page_id=12","url_meta":{"origin":5764,"position":1},"title":"PANIER","author":"MegganeLorne","date":"4 f\u00e9vrier 2022","format":false,"excerpt":"PANIER","rel":"","context":"Article similaire","block_context":{"text":"Article similaire","link":""},"img":{"alt_text":"","src":"","width":0,"height":0},"classes":[]}],"jetpack_sharing_enabled":true,"_links":{"self":[{"href":"https:\/\/megganelorne.fr\/index.php?rest_route=\/wp\/v2\/pages\/5764","targetHints":{"allow":["GET"]}}],"collection":[{"href":"https:\/\/megganelorne.fr\/index.php?rest_route=\/wp\/v2\/pages"}],"about":[{"href":"https:\/\/megganelorne.fr\/index.php?rest_route=\/wp\/v2\/types\/page"}],"author":[{"embeddable":true,"href":"https:\/\/megganelorne.fr\/index.php?rest_route=\/wp\/v2\/users\/1"}],"replies":[{"embeddable":true,"href":"https:\/\/megganelorne.fr\/index.php?rest_route=%2Fwp%2Fv2%2Fcomments&post=5764"}],"version-history":[{"count":134,"href":"https:\/\/megganelorne.fr\/index.php?rest_route=\/wp\/v2\/pages\/5764\/revisions"}],"predecessor-version":[{"id":6950,"href":"https:\/\/megganelorne.fr\/index.php?rest_route=\/wp\/v2\/pages\/5764\/revisions\/6950"}],"wp:attachment":[{"href":"https:\/\/megganelorne.fr\/index.php?rest_route=%2Fwp%2Fv2%2Fmedia&parent=5764"}],"curies":[{"name":"wp","href":"https:\/\/api.w.org\/{rel}","templated":true}]}}