{"id":5781,"date":"2022-02-08T20:09:50","date_gmt":"2022-02-08T19:09:50","guid":{"rendered":"http:\/\/megganelorne.fr\/?page_id=5781"},"modified":"2023-11-08T23:04:41","modified_gmt":"2023-11-08T22:04:41","slug":"contact","status":"publish","type":"page","link":"https:\/\/megganelorne.fr\/?page_id=5781","title":{"rendered":"Contact la"},"content":{"rendered":"\t\t<div data-elementor-type=\"wp-page\" data-elementor-id=\"5781\" class=\"elementor elementor-5781\">\n\t\t\t\t\t\t\t\t\t<section class=\"elementor-section elementor-top-section elementor-element elementor-element-cc139e3 elementor-section-full_width elementor-section-height-default elementor-section-height-default qodef-elementor-content-no\" data-id=\"cc139e3\" data-element_type=\"section\" data-settings=\"{&quot;background_background&quot;:&quot;classic&quot;}\">\n\t\t\t\t\t\t<div class=\"elementor-container elementor-column-gap-default\">\n\t\t\t\t\t<div class=\"elementor-column elementor-col-100 elementor-top-column elementor-element elementor-element-f4f61d9\" data-id=\"f4f61d9\" data-element_type=\"column\" data-settings=\"{&quot;background_background&quot;:&quot;classic&quot;}\">\n\t\t\t<div class=\"elementor-widget-wrap elementor-element-populated\">\n\t\t\t\t\t\t\t\t<div class=\"elementor-element elementor-element-970dfb5 elementor-widget elementor-widget-gesso_core_section_title\" data-id=\"970dfb5\" data-element_type=\"widget\" data-widget_type=\"gesso_core_section_title.default\">\n\t\t\t\t<div class=\"elementor-widget-container\">\n\t\t\t<div class=\"qodef-shortcode qodef-m  qodef-section-title qodef-alignment--center \">\n\t\t<h5 class=\"qodef-m-title\" >\n\t\t\t\t\tPlus d'informations ?\t\t\t<\/h5>\n\t\t<span class=\"qodef-m-subtitle\">\n\t\tPour toute demande et renseignement veuillez me contacter.\t<\/span>\n\t<\/div>\n\t\t<\/div>\n\t\t\t\t<\/div>\n\t\t\t\t\t<\/div>\n\t\t<\/div>\n\t\t\t\t\t\t\t<\/div>\n\t\t<\/section>\n\t\t\t\t<section class=\"elementor-section elementor-top-section elementor-element elementor-element-608f680 elementor-section-full_width qodef-elementor-content-grid elementor-section-height-default elementor-section-height-default\" data-id=\"608f680\" data-element_type=\"section\">\n\t\t\t\t\t\t<div class=\"elementor-container elementor-column-gap-default\">\n\t\t\t\t\t<div class=\"elementor-column elementor-col-100 elementor-top-column elementor-element elementor-element-22df89e\" data-id=\"22df89e\" data-element_type=\"column\">\n\t\t\t<div class=\"elementor-widget-wrap elementor-element-populated\">\n\t\t\t\t\t\t\t\t<div class=\"elementor-element elementor-element-b691677 elementor-widget elementor-widget-gesso_core_custom_font\" data-id=\"b691677\" data-element_type=\"widget\" data-widget_type=\"gesso_core_custom_font.default\">\n\t\t\t\t<div class=\"elementor-widget-container\">\n\t\t\t<h2 class=\"qodef-shortcode qodef-m  qodef-custom-font qodef-custom-font-425 qodef-layout--simple\" >Contactez-moi<\/h2>\n\t\t<\/div>\n\t\t\t\t<\/div>\n\t\t\t\t<div class=\"elementor-element elementor-element-06e78f2 elementor-widget elementor-widget-wp-widget-gesso_core_contact_form_7\" data-id=\"06e78f2\" data-element_type=\"widget\" data-widget_type=\"wp-widget-gesso_core_contact_form_7.default\">\n\t\t\t\t<div class=\"elementor-widget-container\">\n\t\t\t\t\t\t<div class=\"qodef-contact-form-7\">\n\t\t\t\t\n<div class=\"wpcf7 no-js\" id=\"wpcf7-f5934-o1\" lang=\"en-US\" dir=\"ltr\">\n<div class=\"screen-reader-response\"><p role=\"status\" aria-live=\"polite\" aria-atomic=\"true\"><\/p> <ul><\/ul><\/div>\n<form action=\"\/index.php?rest_route=%2Fwp%2Fv2%2Fpages%2F5781#wpcf7-f5934-o1\" method=\"post\" class=\"wpcf7-form init\" aria-label=\"Contact form\" novalidate=\"novalidate\" data-status=\"init\">\n<div style=\"display: none;\">\n<input type=\"hidden\" name=\"_wpcf7\" value=\"5934\" \/>\n<input type=\"hidden\" name=\"_wpcf7_version\" value=\"5.8.2\" \/>\n<input type=\"hidden\" name=\"_wpcf7_locale\" value=\"en_US\" \/>\n<input type=\"hidden\" name=\"_wpcf7_unit_tag\" value=\"wpcf7-f5934-o1\" \/>\n<input type=\"hidden\" name=\"_wpcf7_container_post\" value=\"0\" \/>\n<input type=\"hidden\" name=\"_wpcf7_posted_data_hash\" value=\"\" \/>\n<\/div>\n<div class=\"contact-form\"><span class=\"wpcf7-form-control-wrap\" data-name=\"your-message\"><textarea cols=\"40\" rows=\"3\" class=\"wpcf7-form-control wpcf7-textarea\" aria-invalid=\"false\" placeholder=\"\u00c9crivez votre message...\" name=\"your-message\"><\/textarea><\/span><div class=\"field-wrapper\"><span class=\"wpcf7-form-control-wrap\" data-name=\"your-name\"><input size=\"40\" class=\"wpcf7-form-control wpcf7-text wpcf7-validates-as-required\" aria-required=\"true\" aria-invalid=\"false\" placeholder=\"Votre nom...\" value=\"\" type=\"text\" name=\"your-name\" \/><\/span><span class=\"wpcf7-form-control-wrap\" data-name=\"your-email\"><input size=\"40\" class=\"wpcf7-form-control wpcf7-email wpcf7-validates-as-required wpcf7-text wpcf7-validates-as-email\" aria-required=\"true\" aria-invalid=\"false\" placeholder=\"Votre email...\" value=\"\" type=\"email\" name=\"your-email\" \/><\/span><\/div> <br><button class=\"wpcf7-form-control wpcf7-submit qodef-button qodef-size--large qodef-layout--outlined qodef-m\" type=\"submit\"><span class=\"qodef-m-text\">Envoy\u00e9<\/span><\/button><\/div><p style=\"display: none !important;\"><label>&#916;<textarea name=\"_wpcf7_ak_hp_textarea\" cols=\"45\" rows=\"8\" maxlength=\"100\"><\/textarea><\/label><input type=\"hidden\" id=\"ak_js_1\" name=\"_wpcf7_ak_js\" value=\"9\"\/><script>document.getElementById( \"ak_js_1\" ).setAttribute( \"value\", ( new Date() ).getTime() );<\/script><\/p><div class=\"wpcf7-response-output\" aria-hidden=\"true\"><\/div>\n<\/form>\n<\/div>\n\t\t\t<\/div>\n\t\t\t\t\t<\/div>\n\t\t\t\t<\/div>\n\t\t\t\t\t<\/div>\n\t\t<\/div>\n\t\t\t\t\t\t\t<\/div>\n\t\t<\/section>\n\t\t\t\t<section class=\"elementor-section elementor-top-section elementor-element elementor-element-daed0b1 elementor-section-full_width qodef-elementor-content-grid elementor-section-height-default elementor-section-height-default\" data-id=\"daed0b1\" data-element_type=\"section\">\n\t\t\t\t\t\t<div class=\"elementor-container elementor-column-gap-default\">\n\t\t\t\t\t<div class=\"elementor-column elementor-col-100 elementor-top-column elementor-element elementor-element-f3d2f4f\" data-id=\"f3d2f4f\" data-element_type=\"column\" data-settings=\"{&quot;background_background&quot;:&quot;classic&quot;}\">\n\t\t\t<div class=\"elementor-widget-wrap elementor-element-populated\">\n\t\t\t\t\t\t\t\t<div class=\"elementor-element elementor-element-1562327 elementor-widget elementor-widget-gesso_core_google_map\" data-id=\"1562327\" data-element_type=\"widget\" data-widget_type=\"gesso_core_google_map.default\">\n\t\t\t\t<div class=\"elementor-widget-container\">\n\t\t\t<div class=\"qodef-shortcode qodef-m  qodef-google-map\">\n\t<div class=\"qodef-m-map\" id=\"qodef-map-id--858\" data-addresses='[\"98 Aspen St. Hartsville, SC 29550\"]' data-pin=https:\/\/i0.wp.com\/megganelorne.fr\/wp-content\/uploads\/2021\/11\/gesso-pin.png?fit=108%2C108&amp;ssl=1 data-unique-id=858 data-height=400><\/div>\n<\/div>\n\t\t<\/div>\n\t\t\t\t<\/div>\n\t\t\t\t\t<\/div>\n\t\t<\/div>\n\t\t\t\t\t\t\t<\/div>\n\t\t<\/section>\n\t\t\t\t\t\t\t<\/div>\n\t\t","protected":false},"excerpt":{"rendered":"<p>Plus d&#8217;informations ? Pour toute demande et renseignement veuillez me contacter. Contactez-moi<\/p>\n","protected":false},"author":1,"featured_media":0,"parent":0,"menu_order":0,"comment_status":"closed","ping_status":"closed","template":"page-full-width.php","meta":{"footnotes":""},"class_list":["post-5781","page","type-page","status-publish","hentry"],"jetpack-related-posts":[{"id":232,"url":"https:\/\/megganelorne.fr\/?page_id=232","url_meta":{"origin":5781,"position":0},"title":"Contact Us","author":"MegganeLorne","date":"1 septembre 2021","format":false,"excerpt":"Gesso Art & Print Shop 98 Aspen St. Hartsville, SC 29550(434) 263-4533(434) 263-4533gesso@qodeinteractive.comgesso@qodeinteractive.com Contact us","rel":"","context":"Article similaire","block_context":{"text":"Article similaire","link":""},"img":{"alt_text":"","src":"","width":0,"height":0},"classes":[]},{"id":1178,"url":"https:\/\/megganelorne.fr\/?page_id=1178","url_meta":{"origin":5781,"position":1},"title":"Get In Touch","author":"MegganeLorne","date":"6 septembre 2021","format":false,"excerpt":"CONTACT US Support the artist buying their valuable pieces by great prices and costs Gesso Art & Print Shop 98 Aspen St. Hartsville, SC 29550(434) 263-4533(434) 263-4533gesso@qodeinteractive.comgesso@qodeinteractive.com Contact us","rel":"","context":"Article similaire","block_context":{"text":"Article similaire","link":""},"img":{"alt_text":"","src":"","width":0,"height":0},"classes":[]},{"id":5764,"url":"https:\/\/megganelorne.fr\/?page_id=5764","url_meta":{"origin":5781,"position":2},"title":"L&#8217;ARTISTE","author":"MegganeLorne","date":"8 f\u00e9vrier 2022","format":false,"excerpt":"Meggane Lorne Biographie Je me pr\u00e9sente, Meggane Lorne artiste peintre.J\u2019ai eu la chance d\u2019\u00e9tudier \u00e0 Paris 1 La Sorbonne en arts plastiques mais avant tout plusieurs \u00e9tapes se sont d\u00e9roul\u00e9es\u2026Passionn\u00e9e par l\u2019art d\u00e8s mon plus jeune \u00e2ge, j'ai commenc\u00e9 \u00e0 faire des paysages et des natures mortes \u00e0 la peinture\u2026","rel":"","context":"Article similaire","block_context":{"text":"Article similaire","link":""},"img":{"alt_text":"","src":"https:\/\/i0.wp.com\/megganelorne.fr\/wp-content\/uploads\/2022\/08\/Meggane_Website-768x1152.png?resize=350%2C200&ssl=1","width":350,"height":200,"srcset":"https:\/\/i0.wp.com\/megganelorne.fr\/wp-content\/uploads\/2022\/08\/Meggane_Website-768x1152.png?resize=350%2C200&ssl=1 1x, https:\/\/i0.wp.com\/megganelorne.fr\/wp-content\/uploads\/2022\/08\/Meggane_Website-768x1152.png?resize=525%2C300&ssl=1 1.5x, https:\/\/i0.wp.com\/megganelorne.fr\/wp-content\/uploads\/2022\/08\/Meggane_Website-768x1152.png?resize=700%2C400&ssl=1 2x"},"classes":[]},{"id":1781,"url":"https:\/\/megganelorne.fr\/?page_id=1781","url_meta":{"origin":5781,"position":3},"title":"Landing","author":"MegganeLorne","date":"7 septembre 2021","format":false,"excerpt":"Designed to showcase your art pieces & prints. Get Theme AN ARTFUL WAY TO SELL ONLINE. GESSO. Captivating contemporary website templates for art and print shops. Main Home Print Shop Art Shop Portfolio layouts landing-portfolio-slider landing-portfolio Your new blog landing-blog-standard landing-blog-gallery VARIETY OF PREDESIGNED INNER PAGES FOR ALL USES VARIETY\u2026","rel":"","context":"Article similaire","block_context":{"text":"Article similaire","link":""},"img":{"alt_text":"","src":"https:\/\/i0.wp.com\/gesso.qodeinteractive.com\/wp-content\/uploads\/2021\/11\/Gesso-1.png?resize=350%2C200&ssl=1","width":350,"height":200},"classes":[]},{"id":1004,"url":"https:\/\/megganelorne.fr\/?page_id=1004","url_meta":{"origin":5781,"position":4},"title":"Right Sidebar","author":"MegganeLorne","date":"3 septembre 2021","format":false,"excerpt":"August 6, 2021 admin Hello world! Read More September 3, 2021 Alexa Rollins For those who demand more of the art wall prints Read More Volutpat diam ut venenatis tellus in metus vulputate eu scelerisque. Ullamcorper morbi tincidunt ornare massa. Vivianna Kiser","rel":"","context":"Article similaire","block_context":{"text":"Article similaire","link":""},"img":{"alt_text":"t","src":"https:\/\/i0.wp.com\/gesso.qodeinteractive.com\/wp-content\/uploads\/2021\/09\/blog-single-img-01.jpg?resize=350%2C200&ssl=1","width":350,"height":200,"srcset":"https:\/\/i0.wp.com\/gesso.qodeinteractive.com\/wp-content\/uploads\/2021\/09\/blog-single-img-01.jpg?resize=350%2C200&ssl=1 1x, https:\/\/i0.wp.com\/gesso.qodeinteractive.com\/wp-content\/uploads\/2021\/09\/blog-single-img-01.jpg?resize=525%2C300&ssl=1 1.5x, https:\/\/i0.wp.com\/gesso.qodeinteractive.com\/wp-content\/uploads\/2021\/09\/blog-single-img-01.jpg?resize=700%2C400&ssl=1 2x"},"classes":[]},{"id":1210,"url":"https:\/\/megganelorne.fr\/?page_id=1210","url_meta":{"origin":5781,"position":5},"title":"Left Sidebar","author":"MegganeLorne","date":"3 septembre 2021","format":false,"excerpt":"August 6, 2021 admin Hello world! Read More September 3, 2021 Alexa Rollins For those who demand more of the art wall prints Read More Volutpat diam ut venenatis tellus in metus vulputate eu scelerisque. Ullamcorper morbi tincidunt ornare massa. Vivianna Kiser","rel":"","context":"Article similaire","block_context":{"text":"Article similaire","link":""},"img":{"alt_text":"t","src":"https:\/\/i0.wp.com\/gesso.qodeinteractive.com\/wp-content\/uploads\/2021\/09\/blog-single-img-01.jpg?resize=350%2C200&ssl=1","width":350,"height":200,"srcset":"https:\/\/i0.wp.com\/gesso.qodeinteractive.com\/wp-content\/uploads\/2021\/09\/blog-single-img-01.jpg?resize=350%2C200&ssl=1 1x, https:\/\/i0.wp.com\/gesso.qodeinteractive.com\/wp-content\/uploads\/2021\/09\/blog-single-img-01.jpg?resize=525%2C300&ssl=1 1.5x, https:\/\/i0.wp.com\/gesso.qodeinteractive.com\/wp-content\/uploads\/2021\/09\/blog-single-img-01.jpg?resize=700%2C400&ssl=1 2x"},"classes":[]}],"jetpack_sharing_enabled":true,"_links":{"self":[{"href":"https:\/\/megganelorne.fr\/index.php?rest_route=\/wp\/v2\/pages\/5781","targetHints":{"allow":["GET"]}}],"collection":[{"href":"https:\/\/megganelorne.fr\/index.php?rest_route=\/wp\/v2\/pages"}],"about":[{"href":"https:\/\/megganelorne.fr\/index.php?rest_route=\/wp\/v2\/types\/page"}],"author":[{"embeddable":true,"href":"https:\/\/megganelorne.fr\/index.php?rest_route=\/wp\/v2\/users\/1"}],"replies":[{"embeddable":true,"href":"https:\/\/megganelorne.fr\/index.php?rest_route=%2Fwp%2Fv2%2Fcomments&post=5781"}],"version-history":[{"count":46,"href":"https:\/\/megganelorne.fr\/index.php?rest_route=\/wp\/v2\/pages\/5781\/revisions"}],"predecessor-version":[{"id":6946,"href":"https:\/\/megganelorne.fr\/index.php?rest_route=\/wp\/v2\/pages\/5781\/revisions\/6946"}],"wp:attachment":[{"href":"https:\/\/megganelorne.fr\/index.php?rest_route=%2Fwp%2Fv2%2Fmedia&parent=5781"}],"curies":[{"name":"wp","href":"https:\/\/api.w.org\/{rel}","templated":true}]}}