{"id":5850,"date":"2022-02-09T21:52:34","date_gmt":"2022-02-09T20:52:34","guid":{"rendered":"http:\/\/megganelorne.fr\/?post_type=product&#038;p=5850"},"modified":"2024-04-03T21:59:46","modified_gmt":"2024-04-03T19:59:46","slug":"poison","status":"publish","type":"product","link":"https:\/\/megganelorne.fr\/?product=poison","title":{"rendered":"Poison"},"content":{"rendered":"<p>&nbsp;<\/p>\n<p style=\"text-align: center;\"><strong>CARACT\u00c9RISTIQUE:<\/strong> cette oeuvre a \u00e9t\u00e9 r\u00e9alis\u00e9e sur un ch\u00e2ssis en coton enduit, de qualit\u00e9.<\/p>\n<p style=\"text-align: center;\"><strong>REMARQUE PRODUIT:<\/strong> des variations de couleur entre les aper\u00e7us sur le site, votre \u00e9cran et les oeuvres originales peuvent survenir. La 3\u00e8me photo vous montre les couleurs naturelles sans retouches.<\/p>\n<p style=\"text-align: center;\"><strong>LIVRAISON:<\/strong> la toile arrivera dans un carton de protection.<\/p>\n<p style=\"text-align: center;\">Veuillez laisser un peu de temps \u00e0 nos petites mains pour pr\u00e9parer votre commande avec soin.<\/p>\n<p>&nbsp;<\/p>\n<p style=\"text-align: center;\">Mes peintures originales sont enti\u00e8rement faites \u00e0 la main et sign\u00e9es devant et derri\u00e8re. J&#8217;utilise des peintures \u00e0 l&#8217;huile hautement pigment\u00e9e de haute qualit\u00e9 pour mes oeuvres. Je peins jusqu&#8217;\u00e0 trois couches de couleur, de sorte que les couleurs obtiennent leur aspect final. Il me faut environ plusieurs mois\u00a0 pour terminer une seule peinture.<\/p>\n<p style=\"text-align: center;\">Pour moi, il est important d&#8217;\u00e9tudier m\u00eame le plus petit d\u00e9tail, donc je peux passer plusieurs jours sur un seul d\u00e9tail. Les couleurs sont tr\u00e8s durables en raison de leur haute qualit\u00e9 et ne s&#8217;estompent pas. Vous devez seulement vous assurer que votre peinture est \u00e0 l&#8217;abri de la lumi\u00e8re directe du soleil, de l&#8217;augmentation de l&#8217;humidit\u00e9 de l&#8217;air et de la fum\u00e9e de tabac.<\/p>\n<p>&nbsp;<\/p>\n<p class=\"font8\" style=\"text-align: center;\"><span lang=\"EN-US\">Veuillez noter que les copies non autoris\u00e9es des \u0153uvres d&#8217;art \u00e0 usage priv\u00e9 ou commercial sont ill\u00e9gitimes et interdites.<\/span><\/p>\n<p class=\"font8\" style=\"text-align: center;\"><span lang=\"EN-US\">Tous les droits \u00a9 m&#8217;appartiennent, Meggane Lorne.<\/span><\/p>\n","protected":false},"excerpt":{"rendered":"<p><strong>Oeuvre:<\/strong> Originale sur une toile en coton<\/p>\n<p><strong>Taille:\u00a0<\/strong> 50 x 70 cm<\/p>\n<p><strong>Mat\u00e9riel de peinture:<\/strong> Huile sur toile<\/p>\n<p><strong>Num\u00e9ro:<\/strong> 1<\/p>\n","protected":false},"featured_media":6342,"comment_status":"open","ping_status":"closed","template":"","meta":[],"product_cat":[145],"product_tag":[170,152,194,181,177,195,176,193,180,179,178],"product_artist":[147],"class_list":{"0":"post-5850","1":"product","2":"type-product","3":"status-publish","4":"has-post-thumbnail","6":"product_cat-oeuvre-originale","7":"product_tag-bouche","8":"product_tag-femme","9":"product_tag-femme-qui-boit","10":"product_tag-mains","11":"product_tag-paille","12":"product_tag-scene-de-vie","13":"product_tag-smoothie","14":"product_tag-toile","15":"product_tag-vernis","16":"product_tag-verre","17":"product_tag-visage","18":"product_artist-meggane-lorne","20":"first","21":"instock","22":"shipping-taxable","23":"purchasable","24":"product-type-simple"},"jetpack-related-posts":[{"id":991,"url":"https:\/\/megganelorne.fr\/?product=function","url_meta":{"origin":5850,"position":0},"title":"Vacance","author":"MegganeLorne","date":"3 septembre 2021","format":false,"excerpt":"Oeuvre: Originale sur une toile en coton Taille:\u00a0 60 x 80 cm Mat\u00e9riel de peinture: Huile sur toile Num\u00e9ro: 1","rel":"","context":"Article similaire","block_context":{"text":"Article similaire","link":""},"img":{"alt_text":"","src":"https:\/\/i0.wp.com\/megganelorne.fr\/wp-content\/uploads\/2021\/09\/Capture-de%CC%81cran-2022-08-17-a%CC%80-17.14.49.png?fit=907%2C1200&ssl=1&resize=350%2C200","width":350,"height":200,"srcset":"https:\/\/i0.wp.com\/megganelorne.fr\/wp-content\/uploads\/2021\/09\/Capture-de%CC%81cran-2022-08-17-a%CC%80-17.14.49.png?fit=907%2C1200&ssl=1&resize=350%2C200 1x, https:\/\/i0.wp.com\/megganelorne.fr\/wp-content\/uploads\/2021\/09\/Capture-de%CC%81cran-2022-08-17-a%CC%80-17.14.49.png?fit=907%2C1200&ssl=1&resize=525%2C300 1.5x, https:\/\/i0.wp.com\/megganelorne.fr\/wp-content\/uploads\/2021\/09\/Capture-de%CC%81cran-2022-08-17-a%CC%80-17.14.49.png?fit=907%2C1200&ssl=1&resize=700%2C400 2x"},"classes":[]},{"id":989,"url":"https:\/\/megganelorne.fr\/?product=project-blue","url_meta":{"origin":5850,"position":1},"title":"Gratitude","author":"MegganeLorne","date":"3 septembre 2021","format":false,"excerpt":"Oeuvre: Originale sur une toile en coton Taille:\u00a0 60 x 70 cm Mat\u00e9riel de peinture: Huile sur toile Num\u00e9ro: 1","rel":"","context":"Article similaire","block_context":{"text":"Article similaire","link":""},"img":{"alt_text":"","src":"https:\/\/i0.wp.com\/megganelorne.fr\/wp-content\/uploads\/2022\/07\/bon-fichier-impression.png?fit=1040%2C1200&ssl=1&resize=350%2C200","width":350,"height":200,"srcset":"https:\/\/i0.wp.com\/megganelorne.fr\/wp-content\/uploads\/2022\/07\/bon-fichier-impression.png?fit=1040%2C1200&ssl=1&resize=350%2C200 1x, https:\/\/i0.wp.com\/megganelorne.fr\/wp-content\/uploads\/2022\/07\/bon-fichier-impression.png?fit=1040%2C1200&ssl=1&resize=525%2C300 1.5x, https:\/\/i0.wp.com\/megganelorne.fr\/wp-content\/uploads\/2022\/07\/bon-fichier-impression.png?fit=1040%2C1200&ssl=1&resize=700%2C400 2x"},"classes":[]},{"id":7010,"url":"https:\/\/megganelorne.fr\/?product=sorti-parisienne","url_meta":{"origin":5850,"position":2},"title":"Sortie parisienne","author":"MegganeLorne","date":"17 juillet 2024","format":false,"excerpt":"Oeuvre originale: originale sur toile Taille: 34x41cm Mat\u00e9riel: peinture \u00e0 l'huile sur toile Num\u00e9ro:\u00a01\/1 unique","rel":"","context":"Article similaire","block_context":{"text":"Article similaire","link":""},"img":{"alt_text":"","src":"https:\/\/i0.wp.com\/megganelorne.fr\/wp-content\/uploads\/2024\/07\/12.png?fit=848%2C1200&ssl=1&resize=350%2C200","width":350,"height":200,"srcset":"https:\/\/i0.wp.com\/megganelorne.fr\/wp-content\/uploads\/2024\/07\/12.png?fit=848%2C1200&ssl=1&resize=350%2C200 1x, https:\/\/i0.wp.com\/megganelorne.fr\/wp-content\/uploads\/2024\/07\/12.png?fit=848%2C1200&ssl=1&resize=525%2C300 1.5x, https:\/\/i0.wp.com\/megganelorne.fr\/wp-content\/uploads\/2024\/07\/12.png?fit=848%2C1200&ssl=1&resize=700%2C400 2x"},"classes":[]},{"id":5849,"url":"https:\/\/megganelorne.fr\/?product=dangerous","url_meta":{"origin":5850,"position":3},"title":"Dangerous","author":"MegganeLorne","date":"9 f\u00e9vrier 2022","format":false,"excerpt":"Oeuvre: Originale sur un papier canson 200 g\/m2 Taille:\u00a0 50 x 65 cm Mat\u00e9riel de peinture: Huile sur papier Num\u00e9ro: 1","rel":"","context":"Article similaire","block_context":{"text":"Article similaire","link":""},"img":{"alt_text":"","src":"https:\/\/i0.wp.com\/megganelorne.fr\/wp-content\/uploads\/2022\/07\/Capture-de%CC%81cran-2022-08-17-a%CC%80-16.24.11.png?fit=942%2C1200&ssl=1&resize=350%2C200","width":350,"height":200,"srcset":"https:\/\/i0.wp.com\/megganelorne.fr\/wp-content\/uploads\/2022\/07\/Capture-de%CC%81cran-2022-08-17-a%CC%80-16.24.11.png?fit=942%2C1200&ssl=1&resize=350%2C200 1x, https:\/\/i0.wp.com\/megganelorne.fr\/wp-content\/uploads\/2022\/07\/Capture-de%CC%81cran-2022-08-17-a%CC%80-16.24.11.png?fit=942%2C1200&ssl=1&resize=525%2C300 1.5x, https:\/\/i0.wp.com\/megganelorne.fr\/wp-content\/uploads\/2022\/07\/Capture-de%CC%81cran-2022-08-17-a%CC%80-16.24.11.png?fit=942%2C1200&ssl=1&resize=700%2C400 2x"},"classes":[]},{"id":987,"url":"https:\/\/megganelorne.fr\/?product=priori","url_meta":{"origin":5850,"position":4},"title":"Perle","author":"MegganeLorne","date":"3 septembre 2021","format":false,"excerpt":"Oeuvre: Originale sur un papier canson 200 g\/m2 Taille:\u00a0 50 x 65 cm Mat\u00e9riel de peinture: Huile sur papier Num\u00e9ro: 1","rel":"","context":"Article similaire","block_context":{"text":"Article similaire","link":""},"img":{"alt_text":"","src":"https:\/\/i0.wp.com\/megganelorne.fr\/wp-content\/uploads\/2022\/07\/Capture-de%CC%81cran-2022-08-16-a%CC%80-19.20.31.png?fit=938%2C1200&ssl=1&resize=350%2C200","width":350,"height":200,"srcset":"https:\/\/i0.wp.com\/megganelorne.fr\/wp-content\/uploads\/2022\/07\/Capture-de%CC%81cran-2022-08-16-a%CC%80-19.20.31.png?fit=938%2C1200&ssl=1&resize=350%2C200 1x, https:\/\/i0.wp.com\/megganelorne.fr\/wp-content\/uploads\/2022\/07\/Capture-de%CC%81cran-2022-08-16-a%CC%80-19.20.31.png?fit=938%2C1200&ssl=1&resize=525%2C300 1.5x, https:\/\/i0.wp.com\/megganelorne.fr\/wp-content\/uploads\/2022\/07\/Capture-de%CC%81cran-2022-08-16-a%CC%80-19.20.31.png?fit=938%2C1200&ssl=1&resize=700%2C400 2x"},"classes":[]},{"id":988,"url":"https:\/\/megganelorne.fr\/?product=lorem","url_meta":{"origin":5850,"position":5},"title":"Allure","author":"MegganeLorne","date":"3 septembre 2021","format":false,"excerpt":"Oeuvre: Originale sur un papier canson 200 g\/m2 Taille:\u00a0 50 x 63 cm Mat\u00e9riel de peinture: Huile sur papier Num\u00e9ro: 1","rel":"","context":"Article similaire","block_context":{"text":"Article similaire","link":""},"img":{"alt_text":"","src":"https:\/\/i0.wp.com\/megganelorne.fr\/wp-content\/uploads\/2022\/07\/Capture-de%CC%81cran-2022-08-17-a%CC%80-14.54.19.png?fit=968%2C1200&ssl=1&resize=350%2C200","width":350,"height":200,"srcset":"https:\/\/i0.wp.com\/megganelorne.fr\/wp-content\/uploads\/2022\/07\/Capture-de%CC%81cran-2022-08-17-a%CC%80-14.54.19.png?fit=968%2C1200&ssl=1&resize=350%2C200 1x, https:\/\/i0.wp.com\/megganelorne.fr\/wp-content\/uploads\/2022\/07\/Capture-de%CC%81cran-2022-08-17-a%CC%80-14.54.19.png?fit=968%2C1200&ssl=1&resize=525%2C300 1.5x, https:\/\/i0.wp.com\/megganelorne.fr\/wp-content\/uploads\/2022\/07\/Capture-de%CC%81cran-2022-08-17-a%CC%80-14.54.19.png?fit=968%2C1200&ssl=1&resize=700%2C400 2x"},"classes":[]}],"jetpack_sharing_enabled":true,"_links":{"self":[{"href":"https:\/\/megganelorne.fr\/index.php?rest_route=\/wp\/v2\/product\/5850","targetHints":{"allow":["GET"]}}],"collection":[{"href":"https:\/\/megganelorne.fr\/index.php?rest_route=\/wp\/v2\/product"}],"about":[{"href":"https:\/\/megganelorne.fr\/index.php?rest_route=\/wp\/v2\/types\/product"}],"replies":[{"embeddable":true,"href":"https:\/\/megganelorne.fr\/index.php?rest_route=%2Fwp%2Fv2%2Fcomments&post=5850"}],"wp:featuredmedia":[{"embeddable":true,"href":"https:\/\/megganelorne.fr\/index.php?rest_route=\/wp\/v2\/media\/6342"}],"wp:attachment":[{"href":"https:\/\/megganelorne.fr\/index.php?rest_route=%2Fwp%2Fv2%2Fmedia&parent=5850"}],"wp:term":[{"taxonomy":"product_cat","embeddable":true,"href":"https:\/\/megganelorne.fr\/index.php?rest_route=%2Fwp%2Fv2%2Fproduct_cat&post=5850"},{"taxonomy":"product_tag","embeddable":true,"href":"https:\/\/megganelorne.fr\/index.php?rest_route=%2Fwp%2Fv2%2Fproduct_tag&post=5850"},{"taxonomy":"product_artist","embeddable":true,"href":"https:\/\/megganelorne.fr\/index.php?rest_route=%2Fwp%2Fv2%2Fproduct_artist&post=5850"}],"curies":[{"name":"wp","href":"https:\/\/api.w.org\/{rel}","templated":true}]}}