{"id":6130,"date":"2022-07-22T18:58:57","date_gmt":"2022-07-22T16:58:57","guid":{"rendered":"http:\/\/megganelorne.fr\/?post_type=product&#038;p=6130"},"modified":"2023-11-08T22:12:50","modified_gmt":"2023-11-08T21:12:50","slug":"dangerous-impression","status":"publish","type":"product","link":"https:\/\/megganelorne.fr\/?product=dangerous-impression","title":{"rendered":"Dangerous (impression)"},"content":{"rendered":"<p>&nbsp;<\/p>\n<p style=\"text-align: center;\"><strong>CARACTERISTIQUE:<\/strong> cette oeuvre est imprim\u00e9e en gicl\u00e9e sur un papier d&#8217;impression de qualit\u00e9, avec une imprimante professionnelle \u00e0 grande \u00e9chelle et d\u00e9coup\u00e9e \u00e0 la main avec soin.<\/p>\n<p style=\"text-align: center;\"><strong>REMARQUE PRODUIT:<\/strong> des variations de couleur entre les aper\u00e7us sur le site, votre \u00e9cran et les oeuvres imprim\u00e9es peuvent survenir.<\/p>\n<p style=\"text-align: center;\"><strong>LIVRAISON:<\/strong> Elle arrivera dans un carton de protection prot\u00e9g\u00e9e avec soin.<\/p>\n<p style=\"text-align: center;\">Veuillez laisser un peu de temps \u00e0 nos talentueux imprimeurs situ\u00e9s en France pour cr\u00e9er votre commande avec soin.<\/p>\n<p>&nbsp;<\/p>\n<p>&nbsp;<\/p>\n<p>&nbsp;<\/p>\n","protected":false},"excerpt":{"rendered":"<p><strong>Oeuvre:<\/strong> Impression sur papier mat en coton<\/p>\n<p><strong>Taille:\u00a0<\/strong> 50 x 70 cm ou 30 x 40 cm<\/p>\n<p><strong>Mat\u00e9riel d&#8217;impression:<\/strong> gicl\u00e9e<\/p>\n<p><strong>Grammage du papier:<\/strong> 190 gr<\/p>\n<p>100% FAIT EN FRANCE<\/p>\n","protected":false},"featured_media":6363,"comment_status":"open","ping_status":"closed","template":"","meta":[],"product_cat":[15,144],"product_tag":[170,175,208,210,171,192,174,172,173],"product_artist":[147],"class_list":{"0":"post-6130","1":"product","2":"type-product","3":"status-publish","4":"has-post-thumbnail","6":"product_cat-impression-cadre","7":"product_cat-impression","8":"product_tag-bouche","9":"product_tag-chewing-gum","10":"product_tag-impression","11":"product_tag-impression-giclee","12":"product_tag-levres","13":"product_tag-rose","14":"product_tag-rouge","15":"product_tag-rouge-a-levres","16":"product_tag-sang","17":"product_artist-meggane-lorne","19":"first","20":"instock","21":"shipping-taxable","22":"purchasable","23":"product-type-variable"},"jetpack-related-posts":[{"id":6129,"url":"https:\/\/megganelorne.fr\/?product=poison-impression","url_meta":{"origin":6130,"position":0},"title":"Poison (impression)","author":"MegganeLorne","date":"22 juillet 2022","format":false,"excerpt":"Oeuvre: Impression sur papier mat en coton Taille:\u00a0 50 x 70 cm ou 30 x 40 cm Mat\u00e9riel d'impression: gicl\u00e9e Grammage du papier: 190 gr 100% FAIT EN FRANCE","rel":"","context":"Article similaire","block_context":{"text":"Article similaire","link":""},"img":{"alt_text":"","src":"https:\/\/i0.wp.com\/megganelorne.fr\/wp-content\/uploads\/2022\/07\/Capture-de%CC%81cran-2022-08-17-a%CC%80-15.14.27.png?fit=876%2C1200&ssl=1&resize=350%2C200","width":350,"height":200,"srcset":"https:\/\/i0.wp.com\/megganelorne.fr\/wp-content\/uploads\/2022\/07\/Capture-de%CC%81cran-2022-08-17-a%CC%80-15.14.27.png?fit=876%2C1200&ssl=1&resize=350%2C200 1x, https:\/\/i0.wp.com\/megganelorne.fr\/wp-content\/uploads\/2022\/07\/Capture-de%CC%81cran-2022-08-17-a%CC%80-15.14.27.png?fit=876%2C1200&ssl=1&resize=525%2C300 1.5x, https:\/\/i0.wp.com\/megganelorne.fr\/wp-content\/uploads\/2022\/07\/Capture-de%CC%81cran-2022-08-17-a%CC%80-15.14.27.png?fit=876%2C1200&ssl=1&resize=700%2C400 2x"},"classes":[]},{"id":6134,"url":"https:\/\/megganelorne.fr\/?product=gratitude-impression","url_meta":{"origin":6130,"position":1},"title":"Gratitude (impression)","author":"MegganeLorne","date":"22 juillet 2022","format":false,"excerpt":"Oeuvre: Impression sur papier mat en coton Taille:\u00a0 50 x 70 cm ou 30 x 40 cm Mat\u00e9riel d'impression: gicl\u00e9e Grammage du papier: 190 gr 100% FAIT EN FRANCE","rel":"","context":"Article similaire","block_context":{"text":"Article similaire","link":""},"img":{"alt_text":"","src":"https:\/\/i0.wp.com\/megganelorne.fr\/wp-content\/uploads\/2022\/07\/bon-fichier-impression.png?fit=1040%2C1200&ssl=1&resize=350%2C200","width":350,"height":200,"srcset":"https:\/\/i0.wp.com\/megganelorne.fr\/wp-content\/uploads\/2022\/07\/bon-fichier-impression.png?fit=1040%2C1200&ssl=1&resize=350%2C200 1x, https:\/\/i0.wp.com\/megganelorne.fr\/wp-content\/uploads\/2022\/07\/bon-fichier-impression.png?fit=1040%2C1200&ssl=1&resize=525%2C300 1.5x, https:\/\/i0.wp.com\/megganelorne.fr\/wp-content\/uploads\/2022\/07\/bon-fichier-impression.png?fit=1040%2C1200&ssl=1&resize=700%2C400 2x"},"classes":[]},{"id":6135,"url":"https:\/\/megganelorne.fr\/?product=allure-impression","url_meta":{"origin":6130,"position":2},"title":"Allure (impression)","author":"MegganeLorne","date":"22 juillet 2022","format":false,"excerpt":"Oeuvre: Impression sur papier mat en coton Taille:\u00a0 50 x 70 cm ou 30 x 40 cm Mat\u00e9riel d'impression: gicl\u00e9e Grammage du papier: 190 gr 100% FAIT EN FRANCE","rel":"","context":"Article similaire","block_context":{"text":"Article similaire","link":""},"img":{"alt_text":"","src":"https:\/\/i0.wp.com\/megganelorne.fr\/wp-content\/uploads\/2022\/07\/Capture-decran-2023-05-01-a-23.51.51.png?fit=960%2C1200&ssl=1&resize=350%2C200","width":350,"height":200,"srcset":"https:\/\/i0.wp.com\/megganelorne.fr\/wp-content\/uploads\/2022\/07\/Capture-decran-2023-05-01-a-23.51.51.png?fit=960%2C1200&ssl=1&resize=350%2C200 1x, https:\/\/i0.wp.com\/megganelorne.fr\/wp-content\/uploads\/2022\/07\/Capture-decran-2023-05-01-a-23.51.51.png?fit=960%2C1200&ssl=1&resize=525%2C300 1.5x, https:\/\/i0.wp.com\/megganelorne.fr\/wp-content\/uploads\/2022\/07\/Capture-decran-2023-05-01-a-23.51.51.png?fit=960%2C1200&ssl=1&resize=700%2C400 2x"},"classes":[]},{"id":6131,"url":"https:\/\/megganelorne.fr\/?product=night-impression","url_meta":{"origin":6130,"position":3},"title":"Night (impression)","author":"MegganeLorne","date":"22 juillet 2022","format":false,"excerpt":"Oeuvre: Impression sur papier mat en coton Taille:\u00a0 50 x 70 cm ou 30 x 40 cm Mat\u00e9riel d'impression: gicl\u00e9e Grammage du papier: 190 gr 100% FAIT EN FRANCE","rel":"","context":"Article similaire","block_context":{"text":"Article similaire","link":""},"img":{"alt_text":"","src":"https:\/\/i0.wp.com\/megganelorne.fr\/wp-content\/uploads\/2022\/07\/bonne-photo-2022-08-17-a%CC%80-15.58.25.png?fit=1200%2C820&ssl=1&resize=350%2C200","width":350,"height":200,"srcset":"https:\/\/i0.wp.com\/megganelorne.fr\/wp-content\/uploads\/2022\/07\/bonne-photo-2022-08-17-a%CC%80-15.58.25.png?fit=1200%2C820&ssl=1&resize=350%2C200 1x, https:\/\/i0.wp.com\/megganelorne.fr\/wp-content\/uploads\/2022\/07\/bonne-photo-2022-08-17-a%CC%80-15.58.25.png?fit=1200%2C820&ssl=1&resize=525%2C300 1.5x, https:\/\/i0.wp.com\/megganelorne.fr\/wp-content\/uploads\/2022\/07\/bonne-photo-2022-08-17-a%CC%80-15.58.25.png?fit=1200%2C820&ssl=1&resize=700%2C400 2x, https:\/\/i0.wp.com\/megganelorne.fr\/wp-content\/uploads\/2022\/07\/bonne-photo-2022-08-17-a%CC%80-15.58.25.png?fit=1200%2C820&ssl=1&resize=1050%2C600 3x"},"classes":[]},{"id":6132,"url":"https:\/\/megganelorne.fr\/?product=vacance-impression","url_meta":{"origin":6130,"position":4},"title":"Vacance (impression)","author":"MegganeLorne","date":"22 juillet 2022","format":false,"excerpt":"Oeuvre: Impression sur papier mat en coton Taille:\u00a0 50 x 70 cm ou 30 x 40 cm Mat\u00e9riel d'impression: gicl\u00e9e Grammage du papier: 190 gr 100% FAIT EN FRANCE","rel":"","context":"Article similaire","block_context":{"text":"Article similaire","link":""},"img":{"alt_text":"","src":"https:\/\/i0.wp.com\/megganelorne.fr\/wp-content\/uploads\/2022\/07\/Capture-de%CC%81cran-2022-08-17-a%CC%80-15.29.02.png?fit=901%2C1200&ssl=1&resize=350%2C200","width":350,"height":200,"srcset":"https:\/\/i0.wp.com\/megganelorne.fr\/wp-content\/uploads\/2022\/07\/Capture-de%CC%81cran-2022-08-17-a%CC%80-15.29.02.png?fit=901%2C1200&ssl=1&resize=350%2C200 1x, https:\/\/i0.wp.com\/megganelorne.fr\/wp-content\/uploads\/2022\/07\/Capture-de%CC%81cran-2022-08-17-a%CC%80-15.29.02.png?fit=901%2C1200&ssl=1&resize=525%2C300 1.5x, https:\/\/i0.wp.com\/megganelorne.fr\/wp-content\/uploads\/2022\/07\/Capture-de%CC%81cran-2022-08-17-a%CC%80-15.29.02.png?fit=901%2C1200&ssl=1&resize=700%2C400 2x"},"classes":[]},{"id":6136,"url":"https:\/\/megganelorne.fr\/?product=perle-impression","url_meta":{"origin":6130,"position":5},"title":"Perle (impression)","author":"MegganeLorne","date":"22 juillet 2022","format":false,"excerpt":"Oeuvre: Impression sur papier mat en coton Taille:\u00a0 50 x 70 cm ou 30x40 cm Grammage du papier: 190 gr 100% FAIT EN FRANCE","rel":"","context":"Article similaire","block_context":{"text":"Article similaire","link":""},"img":{"alt_text":"","src":"https:\/\/i0.wp.com\/megganelorne.fr\/wp-content\/uploads\/2022\/07\/Capture-de%CC%81cran-2022-08-16-a%CC%80-19.20.50.png?fit=944%2C1200&ssl=1&resize=350%2C200","width":350,"height":200,"srcset":"https:\/\/i0.wp.com\/megganelorne.fr\/wp-content\/uploads\/2022\/07\/Capture-de%CC%81cran-2022-08-16-a%CC%80-19.20.50.png?fit=944%2C1200&ssl=1&resize=350%2C200 1x, https:\/\/i0.wp.com\/megganelorne.fr\/wp-content\/uploads\/2022\/07\/Capture-de%CC%81cran-2022-08-16-a%CC%80-19.20.50.png?fit=944%2C1200&ssl=1&resize=525%2C300 1.5x, https:\/\/i0.wp.com\/megganelorne.fr\/wp-content\/uploads\/2022\/07\/Capture-de%CC%81cran-2022-08-16-a%CC%80-19.20.50.png?fit=944%2C1200&ssl=1&resize=700%2C400 2x"},"classes":[]}],"jetpack_sharing_enabled":true,"_links":{"self":[{"href":"https:\/\/megganelorne.fr\/index.php?rest_route=\/wp\/v2\/product\/6130","targetHints":{"allow":["GET"]}}],"collection":[{"href":"https:\/\/megganelorne.fr\/index.php?rest_route=\/wp\/v2\/product"}],"about":[{"href":"https:\/\/megganelorne.fr\/index.php?rest_route=\/wp\/v2\/types\/product"}],"replies":[{"embeddable":true,"href":"https:\/\/megganelorne.fr\/index.php?rest_route=%2Fwp%2Fv2%2Fcomments&post=6130"}],"wp:featuredmedia":[{"embeddable":true,"href":"https:\/\/megganelorne.fr\/index.php?rest_route=\/wp\/v2\/media\/6363"}],"wp:attachment":[{"href":"https:\/\/megganelorne.fr\/index.php?rest_route=%2Fwp%2Fv2%2Fmedia&parent=6130"}],"wp:term":[{"taxonomy":"product_cat","embeddable":true,"href":"https:\/\/megganelorne.fr\/index.php?rest_route=%2Fwp%2Fv2%2Fproduct_cat&post=6130"},{"taxonomy":"product_tag","embeddable":true,"href":"https:\/\/megganelorne.fr\/index.php?rest_route=%2Fwp%2Fv2%2Fproduct_tag&post=6130"},{"taxonomy":"product_artist","embeddable":true,"href":"https:\/\/megganelorne.fr\/index.php?rest_route=%2Fwp%2Fv2%2Fproduct_artist&post=6130"}],"curies":[{"name":"wp","href":"https:\/\/api.w.org\/{rel}","templated":true}]}}