{"id":6954,"date":"2024-02-27T17:53:53","date_gmt":"2024-02-27T16:53:53","guid":{"rendered":"https:\/\/megganelorne.fr\/?post_type=product&#038;p=6954"},"modified":"2024-03-01T19:41:41","modified_gmt":"2024-03-01T18:41:41","slug":"boite-a-partager","status":"publish","type":"product","link":"https:\/\/megganelorne.fr\/?product=boite-a-partager","title":{"rendered":"Boite \u00e0 partager"},"content":{"rendered":"<p class=\"p1\" style=\"text-align: center;\"><b>CARACT\u00c9RISTIQUE:<\/b>\u00a0cette oeuvre a \u00e9t\u00e9 r\u00e9alis\u00e9e sur un grand papier canson 224g\/m2.<\/p>\n<p class=\"p1\" style=\"text-align: center;\"><b>REMARQUE PRODUIT:<\/b>\u00a0des variations de couleur entre les aper\u00e7us sur le site, votre \u00e9cran et les oeuvres originales peuvent survenir.<\/p>\n<p class=\"p1\" style=\"text-align: center;\"><b>LIVRAISON:<\/b>\u00a0l\u2019oeuvre arrivera dans un tube ou un carton de protection.<\/p>\n<p class=\"p1\" style=\"text-align: center;\">Veuillez laisser un peu de temps \u00e0 mes petites mains pour pr\u00e9parer votre commande avec soin.<\/p>\n<p class=\"p1\" style=\"text-align: center;\">Mes peintures originales sont enti\u00e8rement faites \u00e0 la main et sign\u00e9es devant et derri\u00e8re. J\u2019utilise des peintures \u00e0 l\u2019huile hautement pigment\u00e9e de haute qualit\u00e9 pour mes oeuvres. J\u2019ai peins 2 couches de couleur, de sorte que les couleurs obtiennent leur aspect final.<\/p>\n<p class=\"p1\" style=\"text-align: center;\">La peinture \u00e0 \u00e9t\u00e9 r\u00e9alis\u00e9e lors d&#8217;un challenge sur un mois. Il s&#8217;agit d&#8217;une s\u00e9rie de quatre illustrations de 30X40 cm. Alors merci de prendre en consid\u00e9ration que l&#8217;\u0153uvre n\u00e9cessite encore quelques jours de s\u00e9chage avant d&#8217;\u00eatre pr\u00eate pour la livraison.<\/p>\n<p class=\"p1\" style=\"text-align: center;\">Les couleurs sont tr\u00e8s durables en raison de leur haute qualit\u00e9 et ne s\u2019estompent pas. N\u00e9anmoins je vous conseil de mettre cette illustration sous un cadre pour la prot\u00e9ger de la lumi\u00e8re directe du soleil, de l\u2019augmentation de l\u2019humidit\u00e9 de l\u2019air et de la fum\u00e9e de tabac.<\/p>\n<p class=\"p1\" style=\"text-align: center;\">Veuillez noter que les copies non autoris\u00e9es des \u0153uvres d\u2019art \u00e0 usage priv\u00e9 ou commercial sont ill\u00e9gitimes et interdites.<\/p>\n<p class=\"p1\" style=\"text-align: center;\">Tous les droits \u00a9 m\u2019appartiennent, Meggane Lorne.<\/p>\n<p>&nbsp;<\/p>\n<p>&nbsp;<\/p>\n<p>&nbsp;<\/p>\n<p>&nbsp;<\/p>\n","protected":false},"excerpt":{"rendered":"<p><strong>Oeuvre:<\/strong> oeuvre originale sur papier canson 224g\/m2<\/p>\n<p><strong>Taille:<\/strong> 30 x 40 cm<\/p>\n<p><strong>Mat\u00e9riel de peinture:<\/strong> Huile sur papier<\/p>\n<p><strong>Num\u00e9ro:<\/strong> 1\/1 unique<\/p>\n","protected":false},"featured_media":6989,"comment_status":"open","ping_status":"closed","template":"","meta":[],"product_cat":[145],"product_tag":[241,242,240,237,238,249,213,239],"product_artist":[147],"class_list":{"0":"post-6954","1":"product","2":"type-product","3":"status-publish","4":"has-post-thumbnail","6":"product_cat-oeuvre-originale","7":"product_tag-boite","8":"product_tag-boite-a-partager","9":"product_tag-donut","10":"product_tag-donuts","11":"product_tag-gateau","12":"product_tag-illustration","13":"product_tag-oeuvre-originale","14":"product_tag-sucrerie","15":"product_artist-meggane-lorne","17":"first","18":"instock","19":"shipping-taxable","20":"purchasable","21":"product-type-simple"},"jetpack-related-posts":[{"id":6967,"url":"https:\/\/megganelorne.fr\/?product=souvenir","url_meta":{"origin":6954,"position":0},"title":"Souvenir","author":"MegganeLorne","date":"28 f\u00e9vrier 2024","format":false,"excerpt":"Oeuvre originale: originale sur un papier canson 224g\/m2 Taille: 30x40cm Mat\u00e9riel: huile sur papier Num\u00e9ro: 1\/1 unique \u00a0","rel":"","context":"Article similaire","block_context":{"text":"Article similaire","link":""},"img":{"alt_text":"","src":"https:\/\/i0.wp.com\/megganelorne.fr\/wp-content\/uploads\/2024\/02\/paysage-30x40-1.jpg?fit=900%2C1200&ssl=1&resize=350%2C200","width":350,"height":200,"srcset":"https:\/\/i0.wp.com\/megganelorne.fr\/wp-content\/uploads\/2024\/02\/paysage-30x40-1.jpg?fit=900%2C1200&ssl=1&resize=350%2C200 1x, https:\/\/i0.wp.com\/megganelorne.fr\/wp-content\/uploads\/2024\/02\/paysage-30x40-1.jpg?fit=900%2C1200&ssl=1&resize=525%2C300 1.5x, https:\/\/i0.wp.com\/megganelorne.fr\/wp-content\/uploads\/2024\/02\/paysage-30x40-1.jpg?fit=900%2C1200&ssl=1&resize=700%2C400 2x"},"classes":[]},{"id":6975,"url":"https:\/\/megganelorne.fr\/?product=grenade","url_meta":{"origin":6954,"position":1},"title":"Grenade","author":"MegganeLorne","date":"29 f\u00e9vrier 2024","format":false,"excerpt":"Oeuvre originale: originale sur un papier canson 224g\/m2 Taille: 30x40cm Mat\u00e9riel: huile sur papier Num\u00e9ro: 1\/1 unique","rel":"","context":"Article similaire","block_context":{"text":"Article similaire","link":""},"img":{"alt_text":"","src":"https:\/\/i0.wp.com\/megganelorne.fr\/wp-content\/uploads\/2024\/02\/grenade-officiel-1.jpg?fit=1200%2C906&ssl=1&resize=350%2C200","width":350,"height":200,"srcset":"https:\/\/i0.wp.com\/megganelorne.fr\/wp-content\/uploads\/2024\/02\/grenade-officiel-1.jpg?fit=1200%2C906&ssl=1&resize=350%2C200 1x, https:\/\/i0.wp.com\/megganelorne.fr\/wp-content\/uploads\/2024\/02\/grenade-officiel-1.jpg?fit=1200%2C906&ssl=1&resize=525%2C300 1.5x, https:\/\/i0.wp.com\/megganelorne.fr\/wp-content\/uploads\/2024\/02\/grenade-officiel-1.jpg?fit=1200%2C906&ssl=1&resize=700%2C400 2x, https:\/\/i0.wp.com\/megganelorne.fr\/wp-content\/uploads\/2024\/02\/grenade-officiel-1.jpg?fit=1200%2C906&ssl=1&resize=1050%2C600 3x"},"classes":[]},{"id":5849,"url":"https:\/\/megganelorne.fr\/?product=dangerous","url_meta":{"origin":6954,"position":2},"title":"Dangerous","author":"MegganeLorne","date":"9 f\u00e9vrier 2022","format":false,"excerpt":"Oeuvre: Originale sur un papier canson 200 g\/m2 Taille:\u00a0 50 x 65 cm Mat\u00e9riel de peinture: Huile sur papier Num\u00e9ro: 1","rel":"","context":"Article similaire","block_context":{"text":"Article similaire","link":""},"img":{"alt_text":"","src":"https:\/\/i0.wp.com\/megganelorne.fr\/wp-content\/uploads\/2022\/07\/Capture-de%CC%81cran-2022-08-17-a%CC%80-16.24.11.png?fit=942%2C1200&ssl=1&resize=350%2C200","width":350,"height":200,"srcset":"https:\/\/i0.wp.com\/megganelorne.fr\/wp-content\/uploads\/2022\/07\/Capture-de%CC%81cran-2022-08-17-a%CC%80-16.24.11.png?fit=942%2C1200&ssl=1&resize=350%2C200 1x, https:\/\/i0.wp.com\/megganelorne.fr\/wp-content\/uploads\/2022\/07\/Capture-de%CC%81cran-2022-08-17-a%CC%80-16.24.11.png?fit=942%2C1200&ssl=1&resize=525%2C300 1.5x, https:\/\/i0.wp.com\/megganelorne.fr\/wp-content\/uploads\/2022\/07\/Capture-de%CC%81cran-2022-08-17-a%CC%80-16.24.11.png?fit=942%2C1200&ssl=1&resize=700%2C400 2x"},"classes":[]},{"id":6961,"url":"https:\/\/megganelorne.fr\/?product=transformation","url_meta":{"origin":6954,"position":3},"title":"Transformation","author":"MegganeLorne","date":"27 f\u00e9vrier 2024","format":false,"excerpt":"Oeuvre originale: originale sur un papier canson 224g\/m2 Taille: 30x40cm Mat\u00e9riel: huile sur papier Num\u00e9ro: 1\/1 unique","rel":"","context":"Article similaire","block_context":{"text":"Article similaire","link":""},"img":{"alt_text":"","src":"https:\/\/i0.wp.com\/megganelorne.fr\/wp-content\/uploads\/2024\/02\/coeur-officle-rouge-scaled.jpg?fit=900%2C1200&ssl=1&resize=350%2C200","width":350,"height":200,"srcset":"https:\/\/i0.wp.com\/megganelorne.fr\/wp-content\/uploads\/2024\/02\/coeur-officle-rouge-scaled.jpg?fit=900%2C1200&ssl=1&resize=350%2C200 1x, https:\/\/i0.wp.com\/megganelorne.fr\/wp-content\/uploads\/2024\/02\/coeur-officle-rouge-scaled.jpg?fit=900%2C1200&ssl=1&resize=525%2C300 1.5x, https:\/\/i0.wp.com\/megganelorne.fr\/wp-content\/uploads\/2024\/02\/coeur-officle-rouge-scaled.jpg?fit=900%2C1200&ssl=1&resize=700%2C400 2x"},"classes":[]},{"id":987,"url":"https:\/\/megganelorne.fr\/?product=priori","url_meta":{"origin":6954,"position":4},"title":"Perle","author":"MegganeLorne","date":"3 septembre 2021","format":false,"excerpt":"Oeuvre: Originale sur un papier canson 200 g\/m2 Taille:\u00a0 50 x 65 cm Mat\u00e9riel de peinture: Huile sur papier Num\u00e9ro: 1","rel":"","context":"Article similaire","block_context":{"text":"Article similaire","link":""},"img":{"alt_text":"","src":"https:\/\/i0.wp.com\/megganelorne.fr\/wp-content\/uploads\/2022\/07\/Capture-de%CC%81cran-2022-08-16-a%CC%80-19.20.31.png?fit=938%2C1200&ssl=1&resize=350%2C200","width":350,"height":200,"srcset":"https:\/\/i0.wp.com\/megganelorne.fr\/wp-content\/uploads\/2022\/07\/Capture-de%CC%81cran-2022-08-16-a%CC%80-19.20.31.png?fit=938%2C1200&ssl=1&resize=350%2C200 1x, https:\/\/i0.wp.com\/megganelorne.fr\/wp-content\/uploads\/2022\/07\/Capture-de%CC%81cran-2022-08-16-a%CC%80-19.20.31.png?fit=938%2C1200&ssl=1&resize=525%2C300 1.5x, https:\/\/i0.wp.com\/megganelorne.fr\/wp-content\/uploads\/2022\/07\/Capture-de%CC%81cran-2022-08-16-a%CC%80-19.20.31.png?fit=938%2C1200&ssl=1&resize=700%2C400 2x"},"classes":[]},{"id":988,"url":"https:\/\/megganelorne.fr\/?product=lorem","url_meta":{"origin":6954,"position":5},"title":"Allure","author":"MegganeLorne","date":"3 septembre 2021","format":false,"excerpt":"Oeuvre: Originale sur un papier canson 200 g\/m2 Taille:\u00a0 50 x 63 cm Mat\u00e9riel de peinture: Huile sur papier Num\u00e9ro: 1","rel":"","context":"Article similaire","block_context":{"text":"Article similaire","link":""},"img":{"alt_text":"","src":"https:\/\/i0.wp.com\/megganelorne.fr\/wp-content\/uploads\/2022\/07\/Capture-de%CC%81cran-2022-08-17-a%CC%80-14.54.19.png?fit=968%2C1200&ssl=1&resize=350%2C200","width":350,"height":200,"srcset":"https:\/\/i0.wp.com\/megganelorne.fr\/wp-content\/uploads\/2022\/07\/Capture-de%CC%81cran-2022-08-17-a%CC%80-14.54.19.png?fit=968%2C1200&ssl=1&resize=350%2C200 1x, https:\/\/i0.wp.com\/megganelorne.fr\/wp-content\/uploads\/2022\/07\/Capture-de%CC%81cran-2022-08-17-a%CC%80-14.54.19.png?fit=968%2C1200&ssl=1&resize=525%2C300 1.5x, https:\/\/i0.wp.com\/megganelorne.fr\/wp-content\/uploads\/2022\/07\/Capture-de%CC%81cran-2022-08-17-a%CC%80-14.54.19.png?fit=968%2C1200&ssl=1&resize=700%2C400 2x"},"classes":[]}],"jetpack_sharing_enabled":true,"_links":{"self":[{"href":"https:\/\/megganelorne.fr\/index.php?rest_route=\/wp\/v2\/product\/6954","targetHints":{"allow":["GET"]}}],"collection":[{"href":"https:\/\/megganelorne.fr\/index.php?rest_route=\/wp\/v2\/product"}],"about":[{"href":"https:\/\/megganelorne.fr\/index.php?rest_route=\/wp\/v2\/types\/product"}],"replies":[{"embeddable":true,"href":"https:\/\/megganelorne.fr\/index.php?rest_route=%2Fwp%2Fv2%2Fcomments&post=6954"}],"wp:featuredmedia":[{"embeddable":true,"href":"https:\/\/megganelorne.fr\/index.php?rest_route=\/wp\/v2\/media\/6989"}],"wp:attachment":[{"href":"https:\/\/megganelorne.fr\/index.php?rest_route=%2Fwp%2Fv2%2Fmedia&parent=6954"}],"wp:term":[{"taxonomy":"product_cat","embeddable":true,"href":"https:\/\/megganelorne.fr\/index.php?rest_route=%2Fwp%2Fv2%2Fproduct_cat&post=6954"},{"taxonomy":"product_tag","embeddable":true,"href":"https:\/\/megganelorne.fr\/index.php?rest_route=%2Fwp%2Fv2%2Fproduct_tag&post=6954"},{"taxonomy":"product_artist","embeddable":true,"href":"https:\/\/megganelorne.fr\/index.php?rest_route=%2Fwp%2Fv2%2Fproduct_artist&post=6954"}],"curies":[{"name":"wp","href":"https:\/\/api.w.org\/{rel}","templated":true}]}}