{"id":7010,"date":"2024-07-17T14:41:14","date_gmt":"2024-07-17T12:41:14","guid":{"rendered":"https:\/\/megganelorne.fr\/?post_type=product&#038;p=7010"},"modified":"2024-07-17T17:36:30","modified_gmt":"2024-07-17T15:36:30","slug":"sorti-parisienne","status":"publish","type":"product","link":"https:\/\/megganelorne.fr\/?product=sorti-parisienne","title":{"rendered":"Sortie parisienne"},"content":{"rendered":"<p class=\"p1\"><b>CARACT\u00c9RISTIQUE:<\/b>\u00a0cette oeuvre a \u00e9t\u00e9 r\u00e9alis\u00e9e sur un ch\u00e2ssis en coton enduit, de qualit\u00e9.<\/p>\n<p class=\"p1\"><b>REMARQUE PRODUIT:<\/b> des variations de couleurs entre les aper\u00e7us sur le site, votre \u00e9cran et les oeuvres originales peuvent survenir.<\/p>\n<p class=\"p1\"><b>LIVRAISON: <\/b>l&#8217;oeuvre arrivera dans un carton de protection. Veuillez laisser un peu de temps \u00e0 nos petites mains pour pr\u00e9parer votre commande.<\/p>\n<p class=\"p1\">Mes peintures originales sont enti\u00e8rement faites \u00e0 la main et sign\u00e9es devant et derri\u00e8re.<\/p>\n<p class=\"p1\">Vous devez seulement vous assurer que votre peinture est \u00e0 l\u2019abri de la lumi\u00e8re directe du soleil, de l\u2019augmentation de l\u2019humidit\u00e9 de l\u2019air et de la fum\u00e9e de tabac.<\/p>\n<p class=\"p1\">Veuillez noter que les copies non autoris\u00e9es des \u0153uvres d\u2019art \u00e0 usage priv\u00e9 ou commercial sont ill\u00e9gitimes et interdites.<\/p>\n<p class=\"p1\">Tous les droits \u00a9 m\u2019appartiennent, Meggane Lorne.<\/p>\n","protected":false},"excerpt":{"rendered":"<p class=\"p1\"><b>Oeuvre originale:<\/b> originale sur toile<\/p>\n<p class=\"p1\"><b>Taille:<\/b> 34x41cm<\/p>\n<p class=\"p1\"><b>Mat\u00e9riel:<\/b> peinture \u00e0 l&#8217;huile sur toile<\/p>\n<p class=\"p1\"><b>Num\u00e9ro:<\/b>\u00a01\/1 unique<\/p>\n","protected":false},"featured_media":7019,"comment_status":"open","ping_status":"closed","template":"","meta":[],"product_cat":[145],"product_tag":[164,268,269,270,198,193,168],"product_artist":[147],"class_list":{"0":"post-7010","1":"product","2":"type-product","3":"status-publish","4":"has-post-thumbnail","6":"product_cat-oeuvre-originale","7":"product_tag-bleu","8":"product_tag-canvas","9":"product_tag-car","10":"product_tag-paris","11":"product_tag-peinture-a-lhuile","12":"product_tag-toile","13":"product_tag-voiture","14":"product_artist-meggane-lorne","16":"first","17":"instock","18":"shipping-taxable","19":"purchasable","20":"product-type-simple"},"jetpack-related-posts":[{"id":7008,"url":"https:\/\/megganelorne.fr\/?product=sunset-road","url_meta":{"origin":7010,"position":0},"title":"Sunset road","author":"MegganeLorne","date":"17 juillet 2024","format":false,"excerpt":"Oeuvre originale: originale sur toile (sans chassis) Taille:\u00a030x40cm Mat\u00e9riel: acrylique sur toile Num\u00e9ro:\u00a01\/1 unique","rel":"","context":"Article similaire","block_context":{"text":"Article similaire","link":""},"img":{"alt_text":"","src":"https:\/\/i0.wp.com\/megganelorne.fr\/wp-content\/uploads\/2024\/07\/14.png?fit=848%2C1200&ssl=1&resize=350%2C200","width":350,"height":200,"srcset":"https:\/\/i0.wp.com\/megganelorne.fr\/wp-content\/uploads\/2024\/07\/14.png?fit=848%2C1200&ssl=1&resize=350%2C200 1x, https:\/\/i0.wp.com\/megganelorne.fr\/wp-content\/uploads\/2024\/07\/14.png?fit=848%2C1200&ssl=1&resize=525%2C300 1.5x, https:\/\/i0.wp.com\/megganelorne.fr\/wp-content\/uploads\/2024\/07\/14.png?fit=848%2C1200&ssl=1&resize=700%2C400 2x"},"classes":[]},{"id":7007,"url":"https:\/\/megganelorne.fr\/?product=limonade-dete","url_meta":{"origin":7010,"position":1},"title":"Limonade d&#8217;\u00e9t\u00e9","author":"MegganeLorne","date":"16 juillet 2024","format":false,"excerpt":"Oeuvre originale: originale sur toile (sans chassis) Taille:\u00a030x40cm Mat\u00e9riel: acrylique sur toile Num\u00e9ro:\u00a01\/1 unique","rel":"","context":"Article similaire","block_context":{"text":"Article similaire","link":""},"img":{"alt_text":"","src":"https:\/\/i0.wp.com\/megganelorne.fr\/wp-content\/uploads\/2024\/07\/9.png?fit=848%2C1200&ssl=1&resize=350%2C200","width":350,"height":200,"srcset":"https:\/\/i0.wp.com\/megganelorne.fr\/wp-content\/uploads\/2024\/07\/9.png?fit=848%2C1200&ssl=1&resize=350%2C200 1x, https:\/\/i0.wp.com\/megganelorne.fr\/wp-content\/uploads\/2024\/07\/9.png?fit=848%2C1200&ssl=1&resize=525%2C300 1.5x, https:\/\/i0.wp.com\/megganelorne.fr\/wp-content\/uploads\/2024\/07\/9.png?fit=848%2C1200&ssl=1&resize=700%2C400 2x"},"classes":[]},{"id":991,"url":"https:\/\/megganelorne.fr\/?product=function","url_meta":{"origin":7010,"position":2},"title":"Vacance","author":"MegganeLorne","date":"3 septembre 2021","format":false,"excerpt":"Oeuvre: Originale sur une toile en coton Taille:\u00a0 60 x 80 cm Mat\u00e9riel de peinture: Huile sur toile Num\u00e9ro: 1","rel":"","context":"Article similaire","block_context":{"text":"Article similaire","link":""},"img":{"alt_text":"","src":"https:\/\/i0.wp.com\/megganelorne.fr\/wp-content\/uploads\/2021\/09\/Capture-de%CC%81cran-2022-08-17-a%CC%80-17.14.49.png?fit=907%2C1200&ssl=1&resize=350%2C200","width":350,"height":200,"srcset":"https:\/\/i0.wp.com\/megganelorne.fr\/wp-content\/uploads\/2021\/09\/Capture-de%CC%81cran-2022-08-17-a%CC%80-17.14.49.png?fit=907%2C1200&ssl=1&resize=350%2C200 1x, https:\/\/i0.wp.com\/megganelorne.fr\/wp-content\/uploads\/2021\/09\/Capture-de%CC%81cran-2022-08-17-a%CC%80-17.14.49.png?fit=907%2C1200&ssl=1&resize=525%2C300 1.5x, https:\/\/i0.wp.com\/megganelorne.fr\/wp-content\/uploads\/2021\/09\/Capture-de%CC%81cran-2022-08-17-a%CC%80-17.14.49.png?fit=907%2C1200&ssl=1&resize=700%2C400 2x"},"classes":[]},{"id":989,"url":"https:\/\/megganelorne.fr\/?product=project-blue","url_meta":{"origin":7010,"position":3},"title":"Gratitude","author":"MegganeLorne","date":"3 septembre 2021","format":false,"excerpt":"Oeuvre: Originale sur une toile en coton Taille:\u00a0 60 x 70 cm Mat\u00e9riel de peinture: Huile sur toile Num\u00e9ro: 1","rel":"","context":"Article similaire","block_context":{"text":"Article similaire","link":""},"img":{"alt_text":"","src":"https:\/\/i0.wp.com\/megganelorne.fr\/wp-content\/uploads\/2022\/07\/bon-fichier-impression.png?fit=1040%2C1200&ssl=1&resize=350%2C200","width":350,"height":200,"srcset":"https:\/\/i0.wp.com\/megganelorne.fr\/wp-content\/uploads\/2022\/07\/bon-fichier-impression.png?fit=1040%2C1200&ssl=1&resize=350%2C200 1x, https:\/\/i0.wp.com\/megganelorne.fr\/wp-content\/uploads\/2022\/07\/bon-fichier-impression.png?fit=1040%2C1200&ssl=1&resize=525%2C300 1.5x, https:\/\/i0.wp.com\/megganelorne.fr\/wp-content\/uploads\/2022\/07\/bon-fichier-impression.png?fit=1040%2C1200&ssl=1&resize=700%2C400 2x"},"classes":[]},{"id":5850,"url":"https:\/\/megganelorne.fr\/?product=poison","url_meta":{"origin":7010,"position":4},"title":"Poison","author":"MegganeLorne","date":"9 f\u00e9vrier 2022","format":false,"excerpt":"Oeuvre: Originale sur une toile en coton Taille:\u00a0 50 x 70 cm Mat\u00e9riel de peinture: Huile sur toile Num\u00e9ro: 1","rel":"","context":"Article similaire","block_context":{"text":"Article similaire","link":""},"img":{"alt_text":"","src":"https:\/\/i0.wp.com\/megganelorne.fr\/wp-content\/uploads\/2022\/07\/Capture-de%CC%81cran-2022-08-17-a%CC%80-15.14.27.png?fit=876%2C1200&ssl=1&resize=350%2C200","width":350,"height":200,"srcset":"https:\/\/i0.wp.com\/megganelorne.fr\/wp-content\/uploads\/2022\/07\/Capture-de%CC%81cran-2022-08-17-a%CC%80-15.14.27.png?fit=876%2C1200&ssl=1&resize=350%2C200 1x, https:\/\/i0.wp.com\/megganelorne.fr\/wp-content\/uploads\/2022\/07\/Capture-de%CC%81cran-2022-08-17-a%CC%80-15.14.27.png?fit=876%2C1200&ssl=1&resize=525%2C300 1.5x, https:\/\/i0.wp.com\/megganelorne.fr\/wp-content\/uploads\/2022\/07\/Capture-de%CC%81cran-2022-08-17-a%CC%80-15.14.27.png?fit=876%2C1200&ssl=1&resize=700%2C400 2x"},"classes":[]},{"id":7022,"url":"https:\/\/megganelorne.fr\/?product=cadillac","url_meta":{"origin":7010,"position":5},"title":"Cadillac","author":"MegganeLorne","date":"17 juillet 2024","format":false,"excerpt":"Oeuvre originale: Originale sur un papier canson 200 g\/m2 Taille: 32x50cm Mat\u00e9riel: peinture \u00e0 l'huile et acrylique sur toile Num\u00e9ro:\u00a01\/1 unique","rel":"","context":"Article similaire","block_context":{"text":"Article similaire","link":""},"img":{"alt_text":"","src":"https:\/\/i0.wp.com\/megganelorne.fr\/wp-content\/uploads\/2024\/07\/18.png?fit=848%2C1200&ssl=1&resize=350%2C200","width":350,"height":200,"srcset":"https:\/\/i0.wp.com\/megganelorne.fr\/wp-content\/uploads\/2024\/07\/18.png?fit=848%2C1200&ssl=1&resize=350%2C200 1x, https:\/\/i0.wp.com\/megganelorne.fr\/wp-content\/uploads\/2024\/07\/18.png?fit=848%2C1200&ssl=1&resize=525%2C300 1.5x, https:\/\/i0.wp.com\/megganelorne.fr\/wp-content\/uploads\/2024\/07\/18.png?fit=848%2C1200&ssl=1&resize=700%2C400 2x"},"classes":[]}],"jetpack_sharing_enabled":true,"_links":{"self":[{"href":"https:\/\/megganelorne.fr\/index.php?rest_route=\/wp\/v2\/product\/7010","targetHints":{"allow":["GET"]}}],"collection":[{"href":"https:\/\/megganelorne.fr\/index.php?rest_route=\/wp\/v2\/product"}],"about":[{"href":"https:\/\/megganelorne.fr\/index.php?rest_route=\/wp\/v2\/types\/product"}],"replies":[{"embeddable":true,"href":"https:\/\/megganelorne.fr\/index.php?rest_route=%2Fwp%2Fv2%2Fcomments&post=7010"}],"wp:featuredmedia":[{"embeddable":true,"href":"https:\/\/megganelorne.fr\/index.php?rest_route=\/wp\/v2\/media\/7019"}],"wp:attachment":[{"href":"https:\/\/megganelorne.fr\/index.php?rest_route=%2Fwp%2Fv2%2Fmedia&parent=7010"}],"wp:term":[{"taxonomy":"product_cat","embeddable":true,"href":"https:\/\/megganelorne.fr\/index.php?rest_route=%2Fwp%2Fv2%2Fproduct_cat&post=7010"},{"taxonomy":"product_tag","embeddable":true,"href":"https:\/\/megganelorne.fr\/index.php?rest_route=%2Fwp%2Fv2%2Fproduct_tag&post=7010"},{"taxonomy":"product_artist","embeddable":true,"href":"https:\/\/megganelorne.fr\/index.php?rest_route=%2Fwp%2Fv2%2Fproduct_artist&post=7010"}],"curies":[{"name":"wp","href":"https:\/\/api.w.org\/{rel}","templated":true}]}}