{"id":7022,"date":"2024-07-17T14:46:54","date_gmt":"2024-07-17T12:46:54","guid":{"rendered":"https:\/\/megganelorne.fr\/?post_type=product&#038;p=7022"},"modified":"2024-07-17T17:47:52","modified_gmt":"2024-07-17T15:47:52","slug":"cadillac","status":"publish","type":"product","link":"https:\/\/megganelorne.fr\/?product=cadillac","title":{"rendered":"Cadillac"},"content":{"rendered":"<p class=\"p1\"><b>CARACT\u00c9RISTIQUE: <\/b>cette oeuvre a \u00e9t\u00e9 r\u00e9alis\u00e9e sur un grand papier CANSON 200g\/m2.<\/p>\n<p class=\"p1\"><b>REMARQUE PRODUIT:<\/b> des variations de couleurs entre les aper\u00e7us sur le site, votre \u00e9cran et les oeuvres originales peuvent survenir.<\/p>\n<p class=\"p1\"><b>LIVRAISON: <\/b>l&#8217;oeuvre arrivera dans un carton de protection. Veuillez laisser un peu de temps \u00e0 nos petites mains pour pr\u00e9parer votre commande.<\/p>\n<p class=\"p1\">Mes peintures originales sont enti\u00e8rement faites \u00e0 la main et sign\u00e9es devant et derri\u00e8re.<\/p>\n<p class=\"p1\">Vous devez seulement vous assurer que votre peinture est \u00e0 l\u2019abri de la lumi\u00e8re directe du soleil, de l\u2019augmentation de l\u2019humidit\u00e9 de l\u2019air et de la fum\u00e9e de tabac.<\/p>\n<p class=\"p1\">Veuillez noter que les copies non autoris\u00e9es des \u0153uvres d\u2019art \u00e0 usage priv\u00e9 ou commercial sont ill\u00e9gitimes et interdites.<\/p>\n<p class=\"p1\">Tous les droits \u00a9 m\u2019appartiennent, Meggane Lorne.<\/p>\n","protected":false},"excerpt":{"rendered":"<p class=\"p1\"><b>Oeuvre originale:<\/b> Originale sur un papier canson 200 g\/m2<\/p>\n<p class=\"p1\"><b>Taille:<\/b> 32x50cm<\/p>\n<p class=\"p1\"><b>Mat\u00e9riel:<\/b> peinture \u00e0 l&#8217;huile et acrylique sur toile<\/p>\n<p class=\"p1\"><b>Num\u00e9ro:<\/b>\u00a01\/1 unique<\/p>\n","protected":false},"featured_media":7025,"comment_status":"open","ping_status":"closed","template":"","meta":[],"product_cat":[145],"product_tag":[257,260,256,199,259,168,258],"product_artist":[147],"class_list":{"0":"post-7022","1":"product","2":"type-product","3":"status-publish","4":"has-post-thumbnail","6":"product_cat-oeuvre-originale","7":"product_tag-cadillac","8":"product_tag-carosserie","9":"product_tag-carpainting","10":"product_tag-peinture","11":"product_tag-roue","12":"product_tag-voiture","13":"product_tag-voiture-bleu","14":"product_artist-meggane-lorne","16":"first","17":"instock","18":"shipping-taxable","19":"purchasable","20":"product-type-simple"},"jetpack-related-posts":[{"id":5849,"url":"https:\/\/megganelorne.fr\/?product=dangerous","url_meta":{"origin":7022,"position":0},"title":"Dangerous","author":"MegganeLorne","date":"9 f\u00e9vrier 2022","format":false,"excerpt":"Oeuvre: Originale sur un papier canson 200 g\/m2 Taille:\u00a0 50 x 65 cm Mat\u00e9riel de peinture: Huile sur papier Num\u00e9ro: 1","rel":"","context":"Article similaire","block_context":{"text":"Article similaire","link":""},"img":{"alt_text":"","src":"https:\/\/i0.wp.com\/megganelorne.fr\/wp-content\/uploads\/2022\/07\/Capture-de%CC%81cran-2022-08-17-a%CC%80-16.24.11.png?fit=942%2C1200&ssl=1&resize=350%2C200","width":350,"height":200,"srcset":"https:\/\/i0.wp.com\/megganelorne.fr\/wp-content\/uploads\/2022\/07\/Capture-de%CC%81cran-2022-08-17-a%CC%80-16.24.11.png?fit=942%2C1200&ssl=1&resize=350%2C200 1x, https:\/\/i0.wp.com\/megganelorne.fr\/wp-content\/uploads\/2022\/07\/Capture-de%CC%81cran-2022-08-17-a%CC%80-16.24.11.png?fit=942%2C1200&ssl=1&resize=525%2C300 1.5x, https:\/\/i0.wp.com\/megganelorne.fr\/wp-content\/uploads\/2022\/07\/Capture-de%CC%81cran-2022-08-17-a%CC%80-16.24.11.png?fit=942%2C1200&ssl=1&resize=700%2C400 2x"},"classes":[]},{"id":6967,"url":"https:\/\/megganelorne.fr\/?product=souvenir","url_meta":{"origin":7022,"position":1},"title":"Souvenir","author":"MegganeLorne","date":"28 f\u00e9vrier 2024","format":false,"excerpt":"Oeuvre originale: originale sur un papier canson 224g\/m2 Taille: 30x40cm Mat\u00e9riel: huile sur papier Num\u00e9ro: 1\/1 unique \u00a0","rel":"","context":"Article similaire","block_context":{"text":"Article similaire","link":""},"img":{"alt_text":"","src":"https:\/\/i0.wp.com\/megganelorne.fr\/wp-content\/uploads\/2024\/02\/paysage-30x40-1.jpg?fit=900%2C1200&ssl=1&resize=350%2C200","width":350,"height":200,"srcset":"https:\/\/i0.wp.com\/megganelorne.fr\/wp-content\/uploads\/2024\/02\/paysage-30x40-1.jpg?fit=900%2C1200&ssl=1&resize=350%2C200 1x, https:\/\/i0.wp.com\/megganelorne.fr\/wp-content\/uploads\/2024\/02\/paysage-30x40-1.jpg?fit=900%2C1200&ssl=1&resize=525%2C300 1.5x, https:\/\/i0.wp.com\/megganelorne.fr\/wp-content\/uploads\/2024\/02\/paysage-30x40-1.jpg?fit=900%2C1200&ssl=1&resize=700%2C400 2x"},"classes":[]},{"id":987,"url":"https:\/\/megganelorne.fr\/?product=priori","url_meta":{"origin":7022,"position":2},"title":"Perle","author":"MegganeLorne","date":"3 septembre 2021","format":false,"excerpt":"Oeuvre: Originale sur un papier canson 200 g\/m2 Taille:\u00a0 50 x 65 cm Mat\u00e9riel de peinture: Huile sur papier Num\u00e9ro: 1","rel":"","context":"Article similaire","block_context":{"text":"Article similaire","link":""},"img":{"alt_text":"","src":"https:\/\/i0.wp.com\/megganelorne.fr\/wp-content\/uploads\/2022\/07\/Capture-de%CC%81cran-2022-08-16-a%CC%80-19.20.31.png?fit=938%2C1200&ssl=1&resize=350%2C200","width":350,"height":200,"srcset":"https:\/\/i0.wp.com\/megganelorne.fr\/wp-content\/uploads\/2022\/07\/Capture-de%CC%81cran-2022-08-16-a%CC%80-19.20.31.png?fit=938%2C1200&ssl=1&resize=350%2C200 1x, https:\/\/i0.wp.com\/megganelorne.fr\/wp-content\/uploads\/2022\/07\/Capture-de%CC%81cran-2022-08-16-a%CC%80-19.20.31.png?fit=938%2C1200&ssl=1&resize=525%2C300 1.5x, https:\/\/i0.wp.com\/megganelorne.fr\/wp-content\/uploads\/2022\/07\/Capture-de%CC%81cran-2022-08-16-a%CC%80-19.20.31.png?fit=938%2C1200&ssl=1&resize=700%2C400 2x"},"classes":[]},{"id":988,"url":"https:\/\/megganelorne.fr\/?product=lorem","url_meta":{"origin":7022,"position":3},"title":"Allure","author":"MegganeLorne","date":"3 septembre 2021","format":false,"excerpt":"Oeuvre: Originale sur un papier canson 200 g\/m2 Taille:\u00a0 50 x 63 cm Mat\u00e9riel de peinture: Huile sur papier Num\u00e9ro: 1","rel":"","context":"Article similaire","block_context":{"text":"Article similaire","link":""},"img":{"alt_text":"","src":"https:\/\/i0.wp.com\/megganelorne.fr\/wp-content\/uploads\/2022\/07\/Capture-de%CC%81cran-2022-08-17-a%CC%80-14.54.19.png?fit=968%2C1200&ssl=1&resize=350%2C200","width":350,"height":200,"srcset":"https:\/\/i0.wp.com\/megganelorne.fr\/wp-content\/uploads\/2022\/07\/Capture-de%CC%81cran-2022-08-17-a%CC%80-14.54.19.png?fit=968%2C1200&ssl=1&resize=350%2C200 1x, https:\/\/i0.wp.com\/megganelorne.fr\/wp-content\/uploads\/2022\/07\/Capture-de%CC%81cran-2022-08-17-a%CC%80-14.54.19.png?fit=968%2C1200&ssl=1&resize=525%2C300 1.5x, https:\/\/i0.wp.com\/megganelorne.fr\/wp-content\/uploads\/2022\/07\/Capture-de%CC%81cran-2022-08-17-a%CC%80-14.54.19.png?fit=968%2C1200&ssl=1&resize=700%2C400 2x"},"classes":[]},{"id":6975,"url":"https:\/\/megganelorne.fr\/?product=grenade","url_meta":{"origin":7022,"position":4},"title":"Grenade","author":"MegganeLorne","date":"29 f\u00e9vrier 2024","format":false,"excerpt":"Oeuvre originale: originale sur un papier canson 224g\/m2 Taille: 30x40cm Mat\u00e9riel: huile sur papier Num\u00e9ro: 1\/1 unique","rel":"","context":"Article similaire","block_context":{"text":"Article similaire","link":""},"img":{"alt_text":"","src":"https:\/\/i0.wp.com\/megganelorne.fr\/wp-content\/uploads\/2024\/02\/grenade-officiel-1.jpg?fit=1200%2C906&ssl=1&resize=350%2C200","width":350,"height":200,"srcset":"https:\/\/i0.wp.com\/megganelorne.fr\/wp-content\/uploads\/2024\/02\/grenade-officiel-1.jpg?fit=1200%2C906&ssl=1&resize=350%2C200 1x, https:\/\/i0.wp.com\/megganelorne.fr\/wp-content\/uploads\/2024\/02\/grenade-officiel-1.jpg?fit=1200%2C906&ssl=1&resize=525%2C300 1.5x, https:\/\/i0.wp.com\/megganelorne.fr\/wp-content\/uploads\/2024\/02\/grenade-officiel-1.jpg?fit=1200%2C906&ssl=1&resize=700%2C400 2x, https:\/\/i0.wp.com\/megganelorne.fr\/wp-content\/uploads\/2024\/02\/grenade-officiel-1.jpg?fit=1200%2C906&ssl=1&resize=1050%2C600 3x"},"classes":[]},{"id":992,"url":"https:\/\/megganelorne.fr\/?product=tristate","url_meta":{"origin":7022,"position":5},"title":"Night","author":"MegganeLorne","date":"3 septembre 2021","format":false,"excerpt":"Oeuvre: Originale sur un papier Canson 200 g\/m2 Taille:\u00a0 50 x 65 cm Mat\u00e9riel de peinture: Huile Num\u00e9ro: 1","rel":"","context":"Article similaire","block_context":{"text":"Article similaire","link":""},"img":{"alt_text":"","src":"https:\/\/i0.wp.com\/megganelorne.fr\/wp-content\/uploads\/2022\/07\/Capture-de%CC%81cran-2022-08-17-a%CC%80-15.53.05.png?fit=1200%2C939&ssl=1&resize=350%2C200","width":350,"height":200,"srcset":"https:\/\/i0.wp.com\/megganelorne.fr\/wp-content\/uploads\/2022\/07\/Capture-de%CC%81cran-2022-08-17-a%CC%80-15.53.05.png?fit=1200%2C939&ssl=1&resize=350%2C200 1x, https:\/\/i0.wp.com\/megganelorne.fr\/wp-content\/uploads\/2022\/07\/Capture-de%CC%81cran-2022-08-17-a%CC%80-15.53.05.png?fit=1200%2C939&ssl=1&resize=525%2C300 1.5x, https:\/\/i0.wp.com\/megganelorne.fr\/wp-content\/uploads\/2022\/07\/Capture-de%CC%81cran-2022-08-17-a%CC%80-15.53.05.png?fit=1200%2C939&ssl=1&resize=700%2C400 2x, https:\/\/i0.wp.com\/megganelorne.fr\/wp-content\/uploads\/2022\/07\/Capture-de%CC%81cran-2022-08-17-a%CC%80-15.53.05.png?fit=1200%2C939&ssl=1&resize=1050%2C600 3x"},"classes":[]}],"jetpack_sharing_enabled":true,"_links":{"self":[{"href":"https:\/\/megganelorne.fr\/index.php?rest_route=\/wp\/v2\/product\/7022","targetHints":{"allow":["GET"]}}],"collection":[{"href":"https:\/\/megganelorne.fr\/index.php?rest_route=\/wp\/v2\/product"}],"about":[{"href":"https:\/\/megganelorne.fr\/index.php?rest_route=\/wp\/v2\/types\/product"}],"replies":[{"embeddable":true,"href":"https:\/\/megganelorne.fr\/index.php?rest_route=%2Fwp%2Fv2%2Fcomments&post=7022"}],"wp:featuredmedia":[{"embeddable":true,"href":"https:\/\/megganelorne.fr\/index.php?rest_route=\/wp\/v2\/media\/7025"}],"wp:attachment":[{"href":"https:\/\/megganelorne.fr\/index.php?rest_route=%2Fwp%2Fv2%2Fmedia&parent=7022"}],"wp:term":[{"taxonomy":"product_cat","embeddable":true,"href":"https:\/\/megganelorne.fr\/index.php?rest_route=%2Fwp%2Fv2%2Fproduct_cat&post=7022"},{"taxonomy":"product_tag","embeddable":true,"href":"https:\/\/megganelorne.fr\/index.php?rest_route=%2Fwp%2Fv2%2Fproduct_tag&post=7022"},{"taxonomy":"product_artist","embeddable":true,"href":"https:\/\/megganelorne.fr\/index.php?rest_route=%2Fwp%2Fv2%2Fproduct_artist&post=7022"}],"curies":[{"name":"wp","href":"https:\/\/api.w.org\/{rel}","templated":true}]}}