{"id":988,"date":"2021-09-03T09:14:19","date_gmt":"2021-09-03T09:14:19","guid":{"rendered":"https:\/\/gesso.qodeinteractive.com\/?post_type=product&#038;p=988"},"modified":"2023-10-17T10:49:57","modified_gmt":"2023-10-17T08:49:57","slug":"lorem","status":"publish","type":"product","link":"https:\/\/megganelorne.fr\/?product=lorem","title":{"rendered":"Allure"},"content":{"rendered":"<p style=\"text-align: center;\"><strong>CARACT\u00c9RISTIQUE:<\/strong> cette oeuvre a \u00e9t\u00e9 r\u00e9alis\u00e9e sur un grand papier CANSON 200g\/m2.<\/p>\n<p style=\"text-align: center;\"><strong>REMARQUE PRODUIT:<\/strong> des variations de couleur entre les aper\u00e7us sur le site, votre \u00e9cran et les oeuvres originales peuvent survenir. La 3\u00e8me photo vous montre les couleurs naturelles sans retouches.<\/p>\n<p style=\"text-align: center;\"><strong>LIVRAISON:<\/strong> l&#8217;oeuvre arrivera dans un carton de protection.<\/p>\n<p style=\"text-align: center;\">Veuillez laisser un peu de temps \u00e0 nos petites mains pour pr\u00e9parer votre commande avec soin.<\/p>\n<p>&nbsp;<\/p>\n<p style=\"text-align: center;\">Mes peintures originales sont enti\u00e8rement faites \u00e0 la main et sign\u00e9es devant et derri\u00e8re. J&#8217;utilise des peintures \u00e0 l&#8217;huile hautement pigment\u00e9e de haute qualit\u00e9 pour mes oeuvres. Je peins jusqu&#8217;\u00e0 trois couches de couleur, de sorte que les couleurs obtiennent leur aspect final. Il me faut environ plusieurs mois\u00a0 pour terminer une seule peinture.<\/p>\n<p style=\"text-align: center;\">Pour moi, il est important d&#8217;\u00e9tudier m\u00eame le plus petit d\u00e9tail, donc je peux passer plusieurs jours sur un seul d\u00e9tail. Les couleurs sont tr\u00e8s durables en raison de leur haute qualit\u00e9 et ne s&#8217;estompent pas. Vous devez seulement vous assurer que votre peinture est \u00e0 l&#8217;abri de la lumi\u00e8re directe du soleil, de l&#8217;augmentation de l&#8217;humidit\u00e9 de l&#8217;air et de la fum\u00e9e de tabac.<\/p>\n<p>&nbsp;<\/p>\n<p class=\"font8\" style=\"text-align: center;\"><span lang=\"EN-US\">Veuillez noter que les copies non autoris\u00e9es des \u0153uvres d&#8217;art \u00e0 usage priv\u00e9 ou commercial sont ill\u00e9gitimes et interdites.<\/span><\/p>\n<p class=\"font8\" style=\"text-align: center;\"><span lang=\"EN-US\">Tous les droits \u00a9 m&#8217;appartiennent, Meggane Lorne.<\/span><\/p>\n","protected":false},"excerpt":{"rendered":"<p><strong>Oeuvre:<\/strong> Originale sur un papier canson 200 g\/m2<\/p>\n<p><strong>Taille:\u00a0<\/strong> 50 x 63 cm<\/p>\n<p><strong>Mat\u00e9riel de peinture:<\/strong> Huile sur papier<\/p>\n<p><strong>Num\u00e9ro:<\/strong> 1<\/p>\n","protected":false},"featured_media":6337,"comment_status":"open","ping_status":"closed","template":"","meta":[],"product_cat":[145],"product_tag":[212,205,152,157,201,204,151,213,153,160,193],"product_artist":[147],"class_list":{"0":"post-988","1":"product","2":"type-product","3":"status-publish","4":"has-post-thumbnail","6":"product_cat-oeuvre-originale","7":"product_tag-chassis","8":"product_tag-emotion","9":"product_tag-femme","10":"product_tag-femme-africaine","11":"product_tag-femme-de-dos","12":"product_tag-femme-dos","13":"product_tag-fond-rouge","14":"product_tag-oeuvre-originale","15":"product_tag-portrait","16":"product_tag-tableau","17":"product_tag-toile","18":"product_artist-meggane-lorne","20":"first","21":"instock","22":"shipping-taxable","23":"purchasable","24":"product-type-simple"},"jetpack-related-posts":[{"id":5849,"url":"https:\/\/megganelorne.fr\/?product=dangerous","url_meta":{"origin":988,"position":0},"title":"Dangerous","author":"MegganeLorne","date":"9 f\u00e9vrier 2022","format":false,"excerpt":"Oeuvre: Originale sur un papier canson 200 g\/m2 Taille:\u00a0 50 x 65 cm Mat\u00e9riel de peinture: Huile sur papier Num\u00e9ro: 1","rel":"","context":"Article similaire","block_context":{"text":"Article similaire","link":""},"img":{"alt_text":"","src":"https:\/\/i0.wp.com\/megganelorne.fr\/wp-content\/uploads\/2022\/07\/Capture-de%CC%81cran-2022-08-17-a%CC%80-16.24.11.png?fit=942%2C1200&ssl=1&resize=350%2C200","width":350,"height":200,"srcset":"https:\/\/i0.wp.com\/megganelorne.fr\/wp-content\/uploads\/2022\/07\/Capture-de%CC%81cran-2022-08-17-a%CC%80-16.24.11.png?fit=942%2C1200&ssl=1&resize=350%2C200 1x, https:\/\/i0.wp.com\/megganelorne.fr\/wp-content\/uploads\/2022\/07\/Capture-de%CC%81cran-2022-08-17-a%CC%80-16.24.11.png?fit=942%2C1200&ssl=1&resize=525%2C300 1.5x, https:\/\/i0.wp.com\/megganelorne.fr\/wp-content\/uploads\/2022\/07\/Capture-de%CC%81cran-2022-08-17-a%CC%80-16.24.11.png?fit=942%2C1200&ssl=1&resize=700%2C400 2x"},"classes":[]},{"id":987,"url":"https:\/\/megganelorne.fr\/?product=priori","url_meta":{"origin":988,"position":1},"title":"Perle","author":"MegganeLorne","date":"3 septembre 2021","format":false,"excerpt":"Oeuvre: Originale sur un papier canson 200 g\/m2 Taille:\u00a0 50 x 65 cm Mat\u00e9riel de peinture: Huile sur papier Num\u00e9ro: 1","rel":"","context":"Article similaire","block_context":{"text":"Article similaire","link":""},"img":{"alt_text":"","src":"https:\/\/i0.wp.com\/megganelorne.fr\/wp-content\/uploads\/2022\/07\/Capture-de%CC%81cran-2022-08-16-a%CC%80-19.20.31.png?fit=938%2C1200&ssl=1&resize=350%2C200","width":350,"height":200,"srcset":"https:\/\/i0.wp.com\/megganelorne.fr\/wp-content\/uploads\/2022\/07\/Capture-de%CC%81cran-2022-08-16-a%CC%80-19.20.31.png?fit=938%2C1200&ssl=1&resize=350%2C200 1x, https:\/\/i0.wp.com\/megganelorne.fr\/wp-content\/uploads\/2022\/07\/Capture-de%CC%81cran-2022-08-16-a%CC%80-19.20.31.png?fit=938%2C1200&ssl=1&resize=525%2C300 1.5x, https:\/\/i0.wp.com\/megganelorne.fr\/wp-content\/uploads\/2022\/07\/Capture-de%CC%81cran-2022-08-16-a%CC%80-19.20.31.png?fit=938%2C1200&ssl=1&resize=700%2C400 2x"},"classes":[]},{"id":6967,"url":"https:\/\/megganelorne.fr\/?product=souvenir","url_meta":{"origin":988,"position":2},"title":"Souvenir","author":"MegganeLorne","date":"28 f\u00e9vrier 2024","format":false,"excerpt":"Oeuvre originale: originale sur un papier canson 224g\/m2 Taille: 30x40cm Mat\u00e9riel: huile sur papier Num\u00e9ro: 1\/1 unique \u00a0","rel":"","context":"Article similaire","block_context":{"text":"Article similaire","link":""},"img":{"alt_text":"","src":"https:\/\/i0.wp.com\/megganelorne.fr\/wp-content\/uploads\/2024\/02\/paysage-30x40-1.jpg?fit=900%2C1200&ssl=1&resize=350%2C200","width":350,"height":200,"srcset":"https:\/\/i0.wp.com\/megganelorne.fr\/wp-content\/uploads\/2024\/02\/paysage-30x40-1.jpg?fit=900%2C1200&ssl=1&resize=350%2C200 1x, https:\/\/i0.wp.com\/megganelorne.fr\/wp-content\/uploads\/2024\/02\/paysage-30x40-1.jpg?fit=900%2C1200&ssl=1&resize=525%2C300 1.5x, https:\/\/i0.wp.com\/megganelorne.fr\/wp-content\/uploads\/2024\/02\/paysage-30x40-1.jpg?fit=900%2C1200&ssl=1&resize=700%2C400 2x"},"classes":[]},{"id":6975,"url":"https:\/\/megganelorne.fr\/?product=grenade","url_meta":{"origin":988,"position":3},"title":"Grenade","author":"MegganeLorne","date":"29 f\u00e9vrier 2024","format":false,"excerpt":"Oeuvre originale: originale sur un papier canson 224g\/m2 Taille: 30x40cm Mat\u00e9riel: huile sur papier Num\u00e9ro: 1\/1 unique","rel":"","context":"Article similaire","block_context":{"text":"Article similaire","link":""},"img":{"alt_text":"","src":"https:\/\/i0.wp.com\/megganelorne.fr\/wp-content\/uploads\/2024\/02\/grenade-officiel-1.jpg?fit=1200%2C906&ssl=1&resize=350%2C200","width":350,"height":200,"srcset":"https:\/\/i0.wp.com\/megganelorne.fr\/wp-content\/uploads\/2024\/02\/grenade-officiel-1.jpg?fit=1200%2C906&ssl=1&resize=350%2C200 1x, https:\/\/i0.wp.com\/megganelorne.fr\/wp-content\/uploads\/2024\/02\/grenade-officiel-1.jpg?fit=1200%2C906&ssl=1&resize=525%2C300 1.5x, https:\/\/i0.wp.com\/megganelorne.fr\/wp-content\/uploads\/2024\/02\/grenade-officiel-1.jpg?fit=1200%2C906&ssl=1&resize=700%2C400 2x, https:\/\/i0.wp.com\/megganelorne.fr\/wp-content\/uploads\/2024\/02\/grenade-officiel-1.jpg?fit=1200%2C906&ssl=1&resize=1050%2C600 3x"},"classes":[]},{"id":6954,"url":"https:\/\/megganelorne.fr\/?product=boite-a-partager","url_meta":{"origin":988,"position":4},"title":"Boite \u00e0 partager","author":"MegganeLorne","date":"27 f\u00e9vrier 2024","format":false,"excerpt":"Oeuvre: oeuvre originale sur papier canson 224g\/m2 Taille: 30 x 40 cm Mat\u00e9riel de peinture: Huile sur papier Num\u00e9ro: 1\/1 unique","rel":"","context":"Article similaire","block_context":{"text":"Article similaire","link":""},"img":{"alt_text":"","src":"https:\/\/i0.wp.com\/megganelorne.fr\/wp-content\/uploads\/2024\/02\/boite-donuts-officiel-2.png?fit=947%2C1200&ssl=1&resize=350%2C200","width":350,"height":200,"srcset":"https:\/\/i0.wp.com\/megganelorne.fr\/wp-content\/uploads\/2024\/02\/boite-donuts-officiel-2.png?fit=947%2C1200&ssl=1&resize=350%2C200 1x, https:\/\/i0.wp.com\/megganelorne.fr\/wp-content\/uploads\/2024\/02\/boite-donuts-officiel-2.png?fit=947%2C1200&ssl=1&resize=525%2C300 1.5x, https:\/\/i0.wp.com\/megganelorne.fr\/wp-content\/uploads\/2024\/02\/boite-donuts-officiel-2.png?fit=947%2C1200&ssl=1&resize=700%2C400 2x"},"classes":[]},{"id":992,"url":"https:\/\/megganelorne.fr\/?product=tristate","url_meta":{"origin":988,"position":5},"title":"Night","author":"MegganeLorne","date":"3 septembre 2021","format":false,"excerpt":"Oeuvre: Originale sur un papier Canson 200 g\/m2 Taille:\u00a0 50 x 65 cm Mat\u00e9riel de peinture: Huile Num\u00e9ro: 1","rel":"","context":"Article similaire","block_context":{"text":"Article similaire","link":""},"img":{"alt_text":"","src":"https:\/\/i0.wp.com\/megganelorne.fr\/wp-content\/uploads\/2022\/07\/Capture-de%CC%81cran-2022-08-17-a%CC%80-15.53.05.png?fit=1200%2C939&ssl=1&resize=350%2C200","width":350,"height":200,"srcset":"https:\/\/i0.wp.com\/megganelorne.fr\/wp-content\/uploads\/2022\/07\/Capture-de%CC%81cran-2022-08-17-a%CC%80-15.53.05.png?fit=1200%2C939&ssl=1&resize=350%2C200 1x, https:\/\/i0.wp.com\/megganelorne.fr\/wp-content\/uploads\/2022\/07\/Capture-de%CC%81cran-2022-08-17-a%CC%80-15.53.05.png?fit=1200%2C939&ssl=1&resize=525%2C300 1.5x, https:\/\/i0.wp.com\/megganelorne.fr\/wp-content\/uploads\/2022\/07\/Capture-de%CC%81cran-2022-08-17-a%CC%80-15.53.05.png?fit=1200%2C939&ssl=1&resize=700%2C400 2x, https:\/\/i0.wp.com\/megganelorne.fr\/wp-content\/uploads\/2022\/07\/Capture-de%CC%81cran-2022-08-17-a%CC%80-15.53.05.png?fit=1200%2C939&ssl=1&resize=1050%2C600 3x"},"classes":[]}],"jetpack_sharing_enabled":true,"_links":{"self":[{"href":"https:\/\/megganelorne.fr\/index.php?rest_route=\/wp\/v2\/product\/988","targetHints":{"allow":["GET"]}}],"collection":[{"href":"https:\/\/megganelorne.fr\/index.php?rest_route=\/wp\/v2\/product"}],"about":[{"href":"https:\/\/megganelorne.fr\/index.php?rest_route=\/wp\/v2\/types\/product"}],"replies":[{"embeddable":true,"href":"https:\/\/megganelorne.fr\/index.php?rest_route=%2Fwp%2Fv2%2Fcomments&post=988"}],"wp:featuredmedia":[{"embeddable":true,"href":"https:\/\/megganelorne.fr\/index.php?rest_route=\/wp\/v2\/media\/6337"}],"wp:attachment":[{"href":"https:\/\/megganelorne.fr\/index.php?rest_route=%2Fwp%2Fv2%2Fmedia&parent=988"}],"wp:term":[{"taxonomy":"product_cat","embeddable":true,"href":"https:\/\/megganelorne.fr\/index.php?rest_route=%2Fwp%2Fv2%2Fproduct_cat&post=988"},{"taxonomy":"product_tag","embeddable":true,"href":"https:\/\/megganelorne.fr\/index.php?rest_route=%2Fwp%2Fv2%2Fproduct_tag&post=988"},{"taxonomy":"product_artist","embeddable":true,"href":"https:\/\/megganelorne.fr\/index.php?rest_route=%2Fwp%2Fv2%2Fproduct_artist&post=988"}],"curies":[{"name":"wp","href":"https:\/\/api.w.org\/{rel}","templated":true}]}}